{"id":91,"date":"2024-02-14T10:57:55","date_gmt":"2024-02-14T09:57:55","guid":{"rendered":"https:\/\/www.hotel-ledonjon.com\/?page_id=91"},"modified":"2025-04-22T16:49:50","modified_gmt":"2025-04-22T14:49:50","slug":"naturstatten-wanderungen-carcassonne","status":"publish","type":"page","link":"https:\/\/www.hotel-ledonjon.com\/de\/tourisme-visiter-carcassonne\/sites-naturels-randonnees-carcassonne\/","title":{"rendered":"Nat\u00fcrliche St\u00e4tten"},"content":{"rendered":"<div data-elementor-type=\"wp-page\" data-elementor-id=\"91\" class=\"elementor elementor-91\" data-elementor-post-type=\"page\">\n\t\t\t\t<div class=\"elementor-element elementor-element-840b4ee e-flex e-con-boxed e-con e-parent\" data-id=\"840b4ee\" data-element_type=\"container\" data-e-type=\"container\" data-settings=\"{&quot;background_background&quot;:&quot;classic&quot;}\">\n\t\t\t\t\t<div class=\"e-con-inner\">\n\t\t<div class=\"elementor-element elementor-element-43c397d e-flex e-con-boxed e-con e-child\" data-id=\"43c397d\" data-element_type=\"container\" data-e-type=\"container\">\n\t\t\t\t\t<div class=\"e-con-inner\">\n\t\t\t\t<div class=\"elementor-element elementor-element-8071478 elementor-widget elementor-widget-heading\" data-id=\"8071478\" data-element_type=\"widget\" data-e-type=\"widget\" data-widget_type=\"heading.default\">\n\t\t\t\t<div class=\"elementor-widget-container\">\n\t\t\t\t\t<h1 class=\"elementor-heading-title elementor-size-default\">\"Gro\u00dfe Weine in Grand Carcassonne\"<\/h1>\t\t\t\t<\/div>\n\t\t\t\t<\/div>\n\t\t\t\t\t<\/div>\n\t\t\t\t<\/div>\n\t\t\t\t\t<\/div>\n\t\t\t\t<\/div>\n\t\t<div class=\"elementor-element elementor-element-f9fde9f e-flex e-con-boxed e-con e-parent\" data-id=\"f9fde9f\" data-element_type=\"container\" data-e-type=\"container\" data-settings=\"{&quot;background_background&quot;:&quot;classic&quot;}\">\n\t\t\t\t\t<div class=\"e-con-inner\">\n\t\t\t\t<div class=\"elementor-element elementor-element-c142b25 elementor-widget elementor-widget-image\" data-id=\"c142b25\" data-element_type=\"widget\" data-e-type=\"widget\" data-widget_type=\"image.default\">\n\t\t\t\t<div class=\"elementor-widget-container\">\n\t\t\t\t\t\t\t\t\t\t\t\t\t\t\t<img decoding=\"async\" width=\"110\" height=\"4\" src=\"https:\/\/www.hotel-ledonjon.com\/wp-content\/uploads\/2025\/04\/Groupe-525.svg\" class=\"attachment-full size-full wp-image-2285\" alt=\"\" title=\"\">\t\t\t\t\t\t\t\t\t\t\t\t\t\t\t<\/div>\n\t\t\t\t<\/div>\n\t\t\t\t<div class=\"elementor-element elementor-element-f3357b9 elementor-widget elementor-widget-heading\" data-id=\"f3357b9\" data-element_type=\"widget\" data-e-type=\"widget\" data-widget_type=\"heading.default\">\n\t\t\t\t<div class=\"elementor-widget-container\">\n\t\t\t\t\t<h2 class=\"elementor-heading-title elementor-size-default\">Ein \u00f6notouristisches Reiseziel<\/h2>\t\t\t\t<\/div>\n\t\t\t\t<\/div>\n\t\t\t\t<div class=\"elementor-element elementor-element-67e1caa elementor-widget elementor-widget-heading\" data-id=\"67e1caa\" data-element_type=\"widget\" data-e-type=\"widget\" data-widget_type=\"heading.default\">\n\t\t\t\t<div class=\"elementor-widget-container\">\n\t\t\t\t\t<h3 class=\"elementor-heading-title elementor-size-default\">Erlebnisse rund um den Wein<\/h3>\t\t\t\t<\/div>\n\t\t\t\t<\/div>\n\t\t<div class=\"elementor-element elementor-element-739677c e-con-full e-flex e-con e-child\" data-id=\"739677c\" data-element_type=\"container\" data-e-type=\"container\" data-settings=\"{&quot;background_background&quot;:&quot;classic&quot;}\">\n\t\t\t\t<div class=\"elementor-element elementor-element-eaf97ff elementor-absolute elementor-widget elementor-widget-image\" data-id=\"eaf97ff\" data-element_type=\"widget\" data-e-type=\"widget\" data-settings=\"{&quot;_position&quot;:&quot;absolute&quot;}\" data-widget_type=\"image.default\">\n\t\t\t\t<div class=\"elementor-widget-container\">\n\t\t\t\t\t\t\t\t\t\t\t\t\t\t\t<img fetchpriority=\"high\" decoding=\"async\" width=\"410\" height=\"1353\" src=\"https:\/\/www.hotel-ledonjon.com\/wp-content\/uploads\/2025\/04\/Groupe-998-2x.png\" class=\"attachment-full size-full wp-image-2302\" alt=\"\" srcset=\"https:\/\/www.hotel-ledonjon.com\/wp-content\/uploads\/2025\/04\/Groupe-998-2x.png 410w, https:\/\/www.hotel-ledonjon.com\/wp-content\/uploads\/2025\/04\/Groupe-998-2x-91x300.png 91w, https:\/\/www.hotel-ledonjon.com\/wp-content\/uploads\/2025\/04\/Groupe-998-2x-310x1024.png 310w, https:\/\/www.hotel-ledonjon.com\/wp-content\/uploads\/2025\/04\/Groupe-998-2x-4x12.png 4w\" sizes=\"(max-width: 410px) 100vw, 410px\" title=\"\">\t\t\t\t\t\t\t\t\t\t\t\t\t\t\t<\/div>\n\t\t\t\t<\/div>\n\t\t<div class=\"elementor-element elementor-element-f634c0d e-con-full e-flex e-con e-child\" data-id=\"f634c0d\" data-element_type=\"container\" data-e-type=\"container\" data-settings=\"{&quot;background_background&quot;:&quot;classic&quot;}\">\n\t\t\t\t<div class=\"elementor-element elementor-element-dd677b8 elementor-widget elementor-widget-image\" data-id=\"dd677b8\" data-element_type=\"widget\" data-e-type=\"widget\" data-widget_type=\"image.default\">\n\t\t\t\t<div class=\"elementor-widget-container\">\n\t\t\t\t\t\t\t\t\t\t\t\t\t\t\t<img decoding=\"async\" width=\"110\" height=\"4\" src=\"https:\/\/www.hotel-ledonjon.com\/wp-content\/uploads\/2025\/04\/Groupe-525.svg\" class=\"attachment-full size-full wp-image-2285\" alt=\"\" title=\"\">\t\t\t\t\t\t\t\t\t\t\t\t\t\t\t<\/div>\n\t\t\t\t<\/div>\n\t\t\t\t<div class=\"elementor-element elementor-element-d2983ff elementor-widget elementor-widget-heading\" data-id=\"d2983ff\" data-element_type=\"widget\" data-e-type=\"widget\" data-widget_type=\"heading.default\">\n\t\t\t\t<div class=\"elementor-widget-container\">\n\t\t\t\t\t<h2 class=\"elementor-heading-title elementor-size-default\">Label Vignobles &amp; d\u00e9couvertes<\/h2>\t\t\t\t<\/div>\n\t\t\t\t<\/div>\n\t\t\t\t<div class=\"elementor-element elementor-element-b020f17 elementor-widget elementor-widget-heading\" data-id=\"b020f17\" data-element_type=\"widget\" data-e-type=\"widget\" data-widget_type=\"heading.default\">\n\t\t\t\t<div class=\"elementor-widget-container\">\n\t\t\t\t\t<h3 class=\"elementor-heading-title elementor-size-default\">in den Bergen oder im Wald<\/h3>\t\t\t\t<\/div>\n\t\t\t\t<\/div>\n\t\t\t\t<\/div>\n\t\t<div class=\"elementor-element elementor-element-fadcfd3 e-con-full e-flex e-con e-child\" data-id=\"fadcfd3\" data-element_type=\"container\" data-e-type=\"container\">\n\t\t\t\t<div class=\"elementor-element elementor-element-e0f7055 elementor-widget__width-initial elementor-widget-tablet__width-inherit elementor-widget elementor-widget-text-editor\" data-id=\"e0f7055\" data-element_type=\"widget\" data-e-type=\"widget\" data-widget_type=\"text-editor.default\">\n\t\t\t\t<div class=\"elementor-widget-container\">\n\t\t\t\t\t\t\t\t\t<p>Das 2006 eingef\u00fchrte Label Vignobles &amp; D\u00e9couvertes wird von Atout France auf Empfehlung des Conseil Sup\u00e9rieur de l'\u0152notourisme f\u00fcr einen Zeitraum von drei Jahren verliehen. Es zeichnet Reiseziele aus, die Tourismus und Weinbau miteinander verbinden und eine vielf\u00e4ltige und komplement\u00e4re Palette an touristischen Dienstleistungen anbieten. Dieses Label hilft den Besuchern bei der Organisation ihres Aufenthalts und garantiert ihnen qualitativ hochwertige Leistungen.<\/p>\t\t\t\t\t\t\t\t<\/div>\n\t\t\t\t<\/div>\n\t\t\t\t<\/div>\n\t\t\t\t<\/div>\n\t\t<div class=\"elementor-element elementor-element-836ba93 e-con-full e-flex e-con e-child\" data-id=\"836ba93\" data-element_type=\"container\" data-e-type=\"container\">\n\t\t<div class=\"elementor-element elementor-element-24c1ba8 e-con-full e-flex e-con e-child\" data-id=\"24c1ba8\" data-element_type=\"container\" data-e-type=\"container\">\n\t\t\t\t<div class=\"elementor-element elementor-element-8491144 elementor-widget__width-inherit elementor-widget elementor-widget-text-editor\" data-id=\"8491144\" data-element_type=\"widget\" data-e-type=\"widget\" data-widget_type=\"text-editor.default\">\n\t\t\t\t<div class=\"elementor-widget-container\">\n\t\t\t\t\t\t\t\t\t<p data-pm-slice=\"1 1 []\">Das Aude, das Juwel des Languedoc, ist ein Land der Weinberge und pr\u00e4chtigen Landschaften, in dem sich die Weinprobe perfekt mit einer Wanderung verbinden l\u00e4sst. Begegnen Sie leidenschaftlichen Winzern und entdecken Sie einzigartige Weintourismus-Routen zwischen Meer und Bergen.<\/p><p data-pm-slice=\"1 1 []\">Das Departement Aude bietet zahlreiche markierte Wanderwege, die durch die emblematischen Terroirs des Minervois, der Corbi\u00e8res oder auch der La Clape f\u00fchren. Ob Sie nun eine sanfte Wanderung oder eine sportlichere Strecke bevorzugen, diese Wege bieten au\u00dfergew\u00f6hnliche Ausblicke auf die Natur und die Weinberge.<\/p><p>Jede Etappe Ihrer Reise ist eine Gelegenheit, leidenschaftliche Winzer zu treffen, die Ihnen die T\u00fcren ihrer Weing\u00fcter \u00f6ffnen. Sie werden ihr Know-how und ihre Liebe zum Terroir mit Ihnen teilen und Sie in die Geheimnisse der lokalen Weinbereitung einweihen.<\/p><p>\u00a0<\/p>\t\t\t\t\t\t\t\t<\/div>\n\t\t\t\t<\/div>\n\t\t\t\t<\/div>\n\t\t<div class=\"elementor-element elementor-element-26765f0 e-con-full e-flex e-con e-child\" data-id=\"26765f0\" data-element_type=\"container\" data-e-type=\"container\" data-settings=\"{&quot;background_background&quot;:&quot;classic&quot;}\">\n\t\t\t\t<div class=\"elementor-element elementor-element-ba99a83 elementor-widget elementor-widget-image\" data-id=\"ba99a83\" data-element_type=\"widget\" data-e-type=\"widget\" data-widget_type=\"image.default\">\n\t\t\t\t<div class=\"elementor-widget-container\">\n\t\t\t\t\t\t\t\t\t\t\t\t\t\t\t<img decoding=\"async\" width=\"110\" height=\"4\" src=\"https:\/\/www.hotel-ledonjon.com\/wp-content\/uploads\/2025\/04\/Groupe-525.svg\" class=\"attachment-full size-full wp-image-2285\" alt=\"\" title=\"\">\t\t\t\t\t\t\t\t\t\t\t\t\t\t\t<\/div>\n\t\t\t\t<\/div>\n\t\t\t\t<div class=\"elementor-element elementor-element-f2dc86d elementor-widget elementor-widget-heading\" data-id=\"f2dc86d\" data-element_type=\"widget\" data-e-type=\"widget\" data-widget_type=\"heading.default\">\n\t\t\t\t<div class=\"elementor-widget-container\">\n\t\t\t\t\t<h2 class=\"elementor-heading-title elementor-size-default\">Weinproben &amp; Wanderungen<\/h2>\t\t\t\t<\/div>\n\t\t\t\t<\/div>\n\t\t\t\t<div class=\"elementor-element elementor-element-d542eb3 elementor-widget elementor-widget-heading\" data-id=\"d542eb3\" data-element_type=\"widget\" data-e-type=\"widget\" data-widget_type=\"heading.default\">\n\t\t\t\t<div class=\"elementor-widget-container\">\n\t\t\t\t\t<h3 class=\"elementor-heading-title elementor-size-default\">Treffen mit den Winzern <\/h3>\t\t\t\t<\/div>\n\t\t\t\t<\/div>\n\t\t\t\t<div class=\"elementor-element elementor-element-2279ba0 elementor-absolute elementor-widget elementor-widget-image\" data-id=\"2279ba0\" data-element_type=\"widget\" data-e-type=\"widget\" data-settings=\"{&quot;_position&quot;:&quot;absolute&quot;}\" data-widget_type=\"image.default\">\n\t\t\t\t<div class=\"elementor-widget-container\">\n\t\t\t\t\t\t\t\t\t\t\t\t\t\t\t<img fetchpriority=\"high\" decoding=\"async\" width=\"410\" height=\"1353\" src=\"https:\/\/www.hotel-ledonjon.com\/wp-content\/uploads\/2025\/04\/Groupe-998-2x.png\" class=\"attachment-full size-full wp-image-2302\" alt=\"\" srcset=\"https:\/\/www.hotel-ledonjon.com\/wp-content\/uploads\/2025\/04\/Groupe-998-2x.png 410w, https:\/\/www.hotel-ledonjon.com\/wp-content\/uploads\/2025\/04\/Groupe-998-2x-91x300.png 91w, https:\/\/www.hotel-ledonjon.com\/wp-content\/uploads\/2025\/04\/Groupe-998-2x-310x1024.png 310w, https:\/\/www.hotel-ledonjon.com\/wp-content\/uploads\/2025\/04\/Groupe-998-2x-4x12.png 4w\" sizes=\"(max-width: 410px) 100vw, 410px\" title=\"\">\t\t\t\t\t\t\t\t\t\t\t\t\t\t\t<\/div>\n\t\t\t\t<\/div>\n\t\t\t\t<\/div>\n\t\t\t\t<\/div>\n\t\t<div class=\"elementor-element elementor-element-733b110 e-con-full bg-white e-flex e-con e-child\" data-id=\"733b110\" data-element_type=\"container\" data-e-type=\"container\">\n\t\t<div class=\"elementor-element elementor-element-8b7f31b e-con-full e-flex e-con e-child\" data-id=\"8b7f31b\" data-element_type=\"container\" data-e-type=\"container\" data-settings=\"{&quot;background_background&quot;:&quot;classic&quot;}\">\n\t\t\t\t<div class=\"elementor-element elementor-element-ff6edc0 elementor-absolute elementor-widget__width-initial elementor-widget elementor-widget-image\" data-id=\"ff6edc0\" data-element_type=\"widget\" data-e-type=\"widget\" data-settings=\"{&quot;_position&quot;:&quot;absolute&quot;}\" data-widget_type=\"image.default\">\n\t\t\t\t<div class=\"elementor-widget-container\">\n\t\t\t\t\t\t\t\t\t\t\t\t\t\t\t<img fetchpriority=\"high\" decoding=\"async\" width=\"410\" height=\"1353\" src=\"https:\/\/www.hotel-ledonjon.com\/wp-content\/uploads\/2025\/04\/Groupe-998-2x.png\" class=\"attachment-full size-full wp-image-2302\" alt=\"\" srcset=\"https:\/\/www.hotel-ledonjon.com\/wp-content\/uploads\/2025\/04\/Groupe-998-2x.png 410w, https:\/\/www.hotel-ledonjon.com\/wp-content\/uploads\/2025\/04\/Groupe-998-2x-91x300.png 91w, https:\/\/www.hotel-ledonjon.com\/wp-content\/uploads\/2025\/04\/Groupe-998-2x-310x1024.png 310w, https:\/\/www.hotel-ledonjon.com\/wp-content\/uploads\/2025\/04\/Groupe-998-2x-4x12.png 4w\" sizes=\"(max-width: 410px) 100vw, 410px\" title=\"\">\t\t\t\t\t\t\t\t\t\t\t\t\t\t\t<\/div>\n\t\t\t\t<\/div>\n\t\t\t\t<div class=\"elementor-element elementor-element-8dcb1df elementor-widget elementor-widget-image\" data-id=\"8dcb1df\" data-element_type=\"widget\" data-e-type=\"widget\" data-widget_type=\"image.default\">\n\t\t\t\t<div class=\"elementor-widget-container\">\n\t\t\t\t\t\t\t\t\t\t\t\t\t\t\t<img decoding=\"async\" width=\"110\" height=\"4\" src=\"https:\/\/www.hotel-ledonjon.com\/wp-content\/uploads\/2025\/04\/Groupe-525.svg\" class=\"attachment-full size-full wp-image-2285\" alt=\"\" title=\"\">\t\t\t\t\t\t\t\t\t\t\t\t\t\t\t<\/div>\n\t\t\t\t<\/div>\n\t\t\t\t<div class=\"elementor-element elementor-element-005132e elementor-widget elementor-widget-heading\" data-id=\"005132e\" data-element_type=\"widget\" data-e-type=\"widget\" data-widget_type=\"heading.default\">\n\t\t\t\t<div class=\"elementor-widget-container\">\n\t\t\t\t\t<h2 class=\"elementor-heading-title elementor-size-default\">Die Weinstra\u00dfen<\/h2>\t\t\t\t<\/div>\n\t\t\t\t<\/div>\n\t\t\t\t<div class=\"elementor-element elementor-element-2a78b94 elementor-widget elementor-widget-heading\" data-id=\"2a78b94\" data-element_type=\"widget\" data-e-type=\"widget\" data-widget_type=\"heading.default\">\n\t\t\t\t<div class=\"elementor-widget-container\">\n\t\t\t\t\t<h3 class=\"elementor-heading-title elementor-size-default\">Cabard\u00e8s, Corbi\u00e8res, Malep\u00e8re...<\/h3>\t\t\t\t<\/div>\n\t\t\t\t<\/div>\n\t\t\t\t<\/div>\n\t\t<div class=\"elementor-element elementor-element-15dc3e7 e-con-full e-flex e-con e-child\" data-id=\"15dc3e7\" data-element_type=\"container\" data-e-type=\"container\">\n\t\t\t\t<div class=\"elementor-element elementor-element-66f4d6b elementor-widget__width-inherit elementor-widget elementor-widget-text-editor\" data-id=\"66f4d6b\" data-element_type=\"widget\" data-e-type=\"widget\" data-widget_type=\"text-editor.default\">\n\t\t\t\t<div class=\"elementor-widget-container\">\n\t\t\t\t\t\t\t\t\t<p data-pm-slice=\"1 1 []\">Die Weinstra\u00dfen des Departements Aude bieten ein einzigartiges Erlebnis f\u00fcr Weintouristen, das atemberaubende Landschaften, historisches Erbe und unvergessliche Weinproben miteinander verbindet.\u00a0<\/p><h5 data-pm-slice=\"1 3 []\">Die sch\u00f6nsten Weinrouten der Aude<\/h5><ul data-spread=\"false\"><li><p><strong>Die Weinstra\u00dfe des Minervois<\/strong> : Eine Route durch authentische D\u00f6rfer wie Caunes-Minervois und Homps, wo man kr\u00e4ftige und aromatische Rotweine entdeckt.<\/p><\/li><li><p><strong>Die Weinstra\u00dfe von Corbi\u00e8res<\/strong> Diese Route schl\u00e4ngelt sich zwischen den Katharerburgen und wilden Landschaften hindurch und bietet Zwischenstopps auf Weing\u00fctern, die kr\u00e4ftige Rotweine und mineralische Wei\u00dfweine produzieren.<\/p><\/li><li><p><strong>Die Weinstra\u00dfe von La Clape<\/strong> : Zwischen Narbonne und dem Mittelmeer tauchen Sie auf dieser Strecke in ein einzigartiges Terroir mit eleganten und ausdrucksstarken Weinen ein.<\/p><\/li><li><p><strong>Die Weinstra\u00dfe von Limouxin<\/strong> : Bekannt f\u00fcr seinen Blanquette de Limoux, f\u00fchrt Sie diese Tour auf die Entdeckung des \u00e4ltesten Schaumweins der Welt.<\/p><\/li><\/ul>\t\t\t\t\t\t\t\t<\/div>\n\t\t\t\t<\/div>\n\t\t\t\t<\/div>\n\t\t\t\t<\/div>\n\t\t\t\t\t<\/div>\n\t\t\t\t<\/div>\n\t\t\t\t<\/div>","protected":false},"excerpt":{"rendered":"<p>\u201cGrands Vins en Grand Carcassonne\u201d Une destination oenotouristique exp\u00e9riences autour du vin Label Vignobles &amp; d\u00e9couvertes en montagne ou en for\u00eat Lanc\u00e9 en 2006, le label Vignobles &amp; D\u00e9couvertes est d\u00e9cern\u00e9 pour une p\u00e9riode de trois ans par Atout France, sur recommandation du Conseil Sup\u00e9rieur de l\u2019\u0152notourisme. Il distingue les destinations alliant tourisme et viticulture, [&hellip;]<\/p>\n","protected":false},"author":12,"featured_media":2299,"parent":85,"menu_order":0,"comment_status":"closed","ping_status":"closed","template":"","meta":{"inline_featured_image":false,"footnotes":""},"class_list":["post-91","page","type-page","status-publish","has-post-thumbnail","hentry"],"_links":{"self":[{"href":"https:\/\/www.hotel-ledonjon.com\/de\/wp-json\/wp\/v2\/pages\/91","targetHints":{"allow":["GET"]}}],"collection":[{"href":"https:\/\/www.hotel-ledonjon.com\/de\/wp-json\/wp\/v2\/pages"}],"about":[{"href":"https:\/\/www.hotel-ledonjon.com\/de\/wp-json\/wp\/v2\/types\/page"}],"author":[{"embeddable":true,"href":"https:\/\/www.hotel-ledonjon.com\/de\/wp-json\/wp\/v2\/users\/12"}],"replies":[{"embeddable":true,"href":"https:\/\/www.hotel-ledonjon.com\/de\/wp-json\/wp\/v2\/comments?post=91"}],"version-history":[{"count":25,"href":"https:\/\/www.hotel-ledonjon.com\/de\/wp-json\/wp\/v2\/pages\/91\/revisions"}],"predecessor-version":[{"id":2350,"href":"https:\/\/www.hotel-ledonjon.com\/de\/wp-json\/wp\/v2\/pages\/91\/revisions\/2350"}],"up":[{"embeddable":true,"href":"https:\/\/www.hotel-ledonjon.com\/de\/wp-json\/wp\/v2\/pages\/85"}],"wp:featuredmedia":[{"embeddable":true,"href":"https:\/\/www.hotel-ledonjon.com\/de\/wp-json\/wp\/v2\/media\/2299"}],"wp:attachment":[{"href":"https:\/\/www.hotel-ledonjon.com\/de\/wp-json\/wp\/v2\/media?parent=91"}],"curies":[{"name":"wp","href":"https:\/\/api.w.org\/{rel}","templated":true}]}}