{"id":79,"date":"2024-02-14T10:54:55","date_gmt":"2024-02-14T09:54:55","guid":{"rendered":"https:\/\/www.hotel-ledonjon.com\/?page_id=79"},"modified":"2024-06-27T12:17:10","modified_gmt":"2024-06-27T10:17:10","slug":"tasting-restaurant-in-the-town-of-carcassonne","status":"publish","type":"page","link":"https:\/\/www.hotel-ledonjon.com\/en\/deguster-restaurant-dans-la-cite-de-carcassonne\/","title":{"rendered":"Taste"},"content":{"rendered":"<div data-elementor-type=\"wp-page\" data-elementor-id=\"79\" class=\"elementor elementor-79\" data-elementor-post-type=\"page\">\n\t\t\t\t<div class=\"elementor-element elementor-element-1651fb3 e-flex e-con-boxed e-con e-parent\" data-id=\"1651fb3\" data-element_type=\"container\" data-e-type=\"container\" data-settings=\"{&quot;background_background&quot;:&quot;classic&quot;}\">\n\t\t\t\t\t<div class=\"e-con-inner\">\n\t\t<div class=\"elementor-element elementor-element-384283c e-flex e-con-boxed e-con e-child\" data-id=\"384283c\" data-element_type=\"container\" data-e-type=\"container\">\n\t\t\t\t\t<div class=\"e-con-inner\">\n\t\t\t\t<div class=\"elementor-element elementor-element-2ed7059 elementor-widget elementor-widget-heading\" data-id=\"2ed7059\" data-element_type=\"widget\" data-e-type=\"widget\" data-widget_type=\"heading.default\">\n\t\t\t\t<div class=\"elementor-widget-container\">\n\t\t\t\t\t<h1 class=\"elementor-heading-title elementor-size-default\">Taste<\/h1>\t\t\t\t<\/div>\n\t\t\t\t<\/div>\n\t\t\t\t\t<\/div>\n\t\t\t\t<\/div>\n\t\t\t\t<div class=\"elementor-element elementor-element-b52a699 elementor-absolute elementor-widget elementor-widget-image\" data-id=\"b52a699\" data-element_type=\"widget\" data-e-type=\"widget\" data-settings=\"{&quot;_position&quot;:&quot;absolute&quot;}\" data-widget_type=\"image.default\">\n\t\t\t\t<div class=\"elementor-widget-container\">\n\t\t\t\t\t\t\t\t\t\t\t\t\t\t\t<img fetchpriority=\"high\" decoding=\"async\" width=\"285\" height=\"1072\" src=\"https:\/\/www.hotel-ledonjon.com\/wp-content\/uploads\/2024\/03\/Groupe-947.png\" class=\"attachment-full size-full wp-image-645\" alt=\"\" srcset=\"https:\/\/www.hotel-ledonjon.com\/wp-content\/uploads\/2024\/03\/Groupe-947.png 285w, https:\/\/www.hotel-ledonjon.com\/wp-content\/uploads\/2024\/03\/Groupe-947-80x300.png 80w, https:\/\/www.hotel-ledonjon.com\/wp-content\/uploads\/2024\/03\/Groupe-947-272x1024.png 272w, https:\/\/www.hotel-ledonjon.com\/wp-content\/uploads\/2024\/03\/Groupe-947-3x12.png 3w\" sizes=\"(max-width: 285px) 100vw, 285px\" title=\"\">\t\t\t\t\t\t\t\t\t\t\t\t\t\t\t<\/div>\n\t\t\t\t<\/div>\n\t\t\t\t\t<\/div>\n\t\t\t\t<\/div>\n\t\t<div class=\"elementor-element elementor-element-f50a1ca e-flex e-con-boxed e-con e-parent\" data-id=\"f50a1ca\" data-element_type=\"container\" data-e-type=\"container\" data-settings=\"{&quot;background_background&quot;:&quot;classic&quot;}\">\n\t\t\t\t\t<div class=\"e-con-inner\">\n\t\t<div class=\"elementor-element elementor-element-e67ff4a e-con-full elementor-hidden-tablet elementor-hidden-mobile e-flex e-con e-child\" data-id=\"e67ff4a\" data-element_type=\"container\" data-e-type=\"container\">\n\t\t\t\t<\/div>\n\t\t<div class=\"elementor-element elementor-element-5338428 e-con-full elementor-hidden-mobile e-flex e-con e-child\" data-id=\"5338428\" data-element_type=\"container\" data-e-type=\"container\">\n\t\t\t\t<\/div>\n\t\t<div class=\"elementor-element elementor-element-b21830a e-con-full e-flex e-con e-child\" data-id=\"b21830a\" data-element_type=\"container\" data-e-type=\"container\">\n\t\t\t\t<div class=\"elementor-element elementor-element-5313b77 elementor-widget elementor-widget-image\" data-id=\"5313b77\" data-element_type=\"widget\" data-e-type=\"widget\" data-widget_type=\"image.default\">\n\t\t\t\t<div class=\"elementor-widget-container\">\n\t\t\t\t\t\t\t\t\t\t\t\t\t\t\t<img decoding=\"async\" width=\"110\" height=\"4\" src=\"https:\/\/www.hotel-ledonjon.com\/wp-content\/uploads\/2024\/02\/Groupe-525.svg\" class=\"attachment-full size-full wp-image-220\" alt=\"\" title=\"\">\t\t\t\t\t\t\t\t\t\t\t\t\t\t\t<\/div>\n\t\t\t\t<\/div>\n\t\t\t\t<div class=\"elementor-element elementor-element-a765091 elementor-widget elementor-widget-heading\" data-id=\"a765091\" data-element_type=\"widget\" data-e-type=\"widget\" data-widget_type=\"heading.default\">\n\t\t\t\t<div class=\"elementor-widget-container\">\n\t\t\t\t\t<h2 class=\"elementor-heading-title elementor-size-default\">Chez Christine<\/h2>\t\t\t\t<\/div>\n\t\t\t\t<\/div>\n\t\t\t\t<div class=\"elementor-element elementor-element-a45ac08 elementor-widget__width-initial elementor-widget elementor-widget-heading\" data-id=\"a45ac08\" data-element_type=\"widget\" data-e-type=\"widget\" data-widget_type=\"heading.default\">\n\t\t\t\t<div class=\"elementor-widget-container\">\n\t\t\t\t\t<h3 class=\"elementor-heading-title elementor-size-default\">Local cuisine, past and present<\/h3>\t\t\t\t<\/div>\n\t\t\t\t<\/div>\n\t\t\t\t<div class=\"elementor-element elementor-element-face19a elementor-widget elementor-widget-text-editor\" data-id=\"face19a\" data-element_type=\"widget\" data-e-type=\"widget\" data-widget_type=\"text-editor.default\">\n\t\t\t\t<div class=\"elementor-widget-container\">\n\t\t\t\t\t\t\t\t\t<p>Eden in the heart of Carcassonne, this Mediterranean bistro offers a cuisine marked by local roots, hospitality and Occitan generosity with a twist.<br \/>The menu at this restaurant in the city of Carcassonne is designed by our Michelin-starred Chef J\u00e9r\u00f4me Ryon, La Barbacane - H\u00f4tel de la Cit\u00e9, and cooked by Chef Lucien Diaz. Both modern and traditional, the products are local and fresh.<\/p>\t\t\t\t\t\t\t\t<\/div>\n\t\t\t\t<\/div>\n\t\t\t\t<div class=\"elementor-element elementor-element-07a3445 btn-border elementor-widget elementor-widget-button\" data-id=\"07a3445\" data-element_type=\"widget\" data-e-type=\"widget\" data-widget_type=\"button.default\">\n\t\t\t\t<div class=\"elementor-widget-container\">\n\t\t\t\t\t\t\t\t\t<div class=\"elementor-button-wrapper\">\n\t\t\t\t\t<a class=\"elementor-button elementor-button-link elementor-size-sm\" href=\"https:\/\/www.restaurant-chezchristine.com\/\" target=\"_blank\" rel=\"nofollow noopener\">\n\t\t\t\t\t\t<span class=\"elementor-button-content-wrapper\">\n\t\t\t\t\t\t\t\t\t<span class=\"elementor-button-text\">See the website<\/span>\n\t\t\t\t\t<\/span>\n\t\t\t\t\t<\/a>\n\t\t\t\t<\/div>\n\t\t\t\t\t\t\t\t<\/div>\n\t\t\t\t<\/div>\n\t\t\t\t<\/div>\n\t\t\t\t\t<\/div>\n\t\t\t\t<\/div>\n\t\t<div class=\"elementor-element elementor-element-1c6d920 sec-bar-bibli e-flex e-con-boxed e-con e-parent\" data-id=\"1c6d920\" data-element_type=\"container\" data-e-type=\"container\">\n\t\t\t\t\t<div class=\"e-con-inner\">\n\t\t<div class=\"elementor-element elementor-element-952ad81 e-con-full e-flex e-con e-child\" data-id=\"952ad81\" data-element_type=\"container\" data-e-type=\"container\">\n\t\t\t\t<div class=\"elementor-element elementor-element-57a0de9 bar-bibli-content elementor-widget elementor-widget-image\" data-id=\"57a0de9\" data-element_type=\"widget\" data-e-type=\"widget\" data-widget_type=\"image.default\">\n\t\t\t\t<div class=\"elementor-widget-container\">\n\t\t\t\t\t\t\t\t\t\t\t\t\t\t\t<img decoding=\"async\" width=\"110\" height=\"4\" src=\"https:\/\/www.hotel-ledonjon.com\/wp-content\/uploads\/2024\/02\/Groupe-525.svg\" class=\"attachment-full size-full wp-image-220\" alt=\"\" title=\"\">\t\t\t\t\t\t\t\t\t\t\t\t\t\t\t<\/div>\n\t\t\t\t<\/div>\n\t\t\t\t<div class=\"elementor-element elementor-element-1e4641b bar-bibli-content elementor-widget elementor-widget-heading\" data-id=\"1e4641b\" data-element_type=\"widget\" data-e-type=\"widget\" data-widget_type=\"heading.default\">\n\t\t\t\t<div class=\"elementor-widget-container\">\n\t\t\t\t\t<h2 class=\"elementor-heading-title elementor-size-default\">The hotel bar<\/h2>\t\t\t\t<\/div>\n\t\t\t\t<\/div>\n\t\t\t\t<div class=\"elementor-element elementor-element-e7b1db5 bar-bibli-content elementor-widget elementor-widget-heading\" data-id=\"e7b1db5\" data-element_type=\"widget\" data-e-type=\"widget\" data-widget_type=\"heading.default\">\n\t\t\t\t<div class=\"elementor-widget-container\">\n\t\t\t\t\t<h3 class=\"elementor-heading-title elementor-size-default\">taking time for yourself<\/h3>\t\t\t\t<\/div>\n\t\t\t\t<\/div>\n\t\t\t\t<div class=\"elementor-element elementor-element-c9d1126 bar-bibli-content elementor-widget elementor-widget-text-editor\" data-id=\"c9d1126\" data-element_type=\"widget\" data-e-type=\"widget\" data-widget_type=\"text-editor.default\">\n\t\t\t\t<div class=\"elementor-widget-container\">\n\t\t\t\t\t\t\t\t\t<p>Indoors or in the gardens, depending on the season, our bar welcomes you every day for exclusive moments of relaxation.<br \/>Come and enjoy our drinks and cocktails from 5pm to 11.30pm every day to end the day on a high or before heading to our restaurant in the heart of the Cit\u00e9 de Carcassonne.<\/p>\t\t\t\t\t\t\t\t<\/div>\n\t\t\t\t<\/div>\n\t\t\t\t<div class=\"elementor-element elementor-element-e28c775 btn-border bar-bibli-btn elementor-widget elementor-widget-button\" data-id=\"e28c775\" data-element_type=\"widget\" data-e-type=\"widget\" data-widget_type=\"button.default\">\n\t\t\t\t<div class=\"elementor-widget-container\">\n\t\t\t\t\t\t\t\t\t<div class=\"elementor-button-wrapper\">\n\t\t\t\t\t<a class=\"elementor-button elementor-button-link elementor-size-sm\" href=\"https:\/\/www.hotel-ledonjon.com\/en\/deguster-restaurant-dans-la-cite-de-carcassonne\/bar-a-carcassonne\/\">\n\t\t\t\t\t\t<span class=\"elementor-button-content-wrapper\">\n\t\t\t\t\t\t\t\t\t<span class=\"elementor-button-text\">See more<\/span>\n\t\t\t\t\t<\/span>\n\t\t\t\t\t<\/a>\n\t\t\t\t<\/div>\n\t\t\t\t\t\t\t\t<\/div>\n\t\t\t\t<\/div>\n\t\t\t\t<\/div>\n\t\t<div class=\"elementor-element elementor-element-ddedee9 e-con-full e-flex e-con e-child\" data-id=\"ddedee9\" data-element_type=\"container\" data-e-type=\"container\">\n\t\t\t\t<div class=\"elementor-element elementor-element-e5715a4 bar-bibli-photo elementor-widget elementor-widget-image\" data-id=\"e5715a4\" data-element_type=\"widget\" data-e-type=\"widget\" data-widget_type=\"image.default\">\n\t\t\t\t<div class=\"elementor-widget-container\">\n\t\t\t\t\t\t\t\t\t\t\t\t\t\t\t<img decoding=\"async\" width=\"1766\" height=\"1179\" src=\"https:\/\/www.hotel-ledonjon.com\/wp-content\/uploads\/2024\/04\/Vauban-Carca-BW-Donjon-fev2022-012-1.jpg\" class=\"attachment-full size-full wp-image-1631\" alt=\"\" srcset=\"https:\/\/www.hotel-ledonjon.com\/wp-content\/uploads\/2024\/04\/Vauban-Carca-BW-Donjon-fev2022-012-1.jpg 1766w, https:\/\/www.hotel-ledonjon.com\/wp-content\/uploads\/2024\/04\/Vauban-Carca-BW-Donjon-fev2022-012-1-300x200.jpg 300w, https:\/\/www.hotel-ledonjon.com\/wp-content\/uploads\/2024\/04\/Vauban-Carca-BW-Donjon-fev2022-012-1-1024x684.jpg 1024w, https:\/\/www.hotel-ledonjon.com\/wp-content\/uploads\/2024\/04\/Vauban-Carca-BW-Donjon-fev2022-012-1-768x513.jpg 768w, https:\/\/www.hotel-ledonjon.com\/wp-content\/uploads\/2024\/04\/Vauban-Carca-BW-Donjon-fev2022-012-1-1536x1025.jpg 1536w, https:\/\/www.hotel-ledonjon.com\/wp-content\/uploads\/2024\/04\/Vauban-Carca-BW-Donjon-fev2022-012-1-18x12.jpg 18w\" sizes=\"(max-width: 1766px) 100vw, 1766px\" title=\"\">\t\t\t\t\t\t\t\t\t\t\t\t\t\t\t<\/div>\n\t\t\t\t<\/div>\n\t\t\t\t<div class=\"elementor-element elementor-element-102a965 elementor-absolute elementor-widget elementor-widget-image\" data-id=\"102a965\" data-element_type=\"widget\" data-e-type=\"widget\" data-settings=\"{&quot;_position&quot;:&quot;absolute&quot;}\" data-widget_type=\"image.default\">\n\t\t\t\t<div class=\"elementor-widget-container\">\n\t\t\t\t\t\t\t\t\t\t\t\t\t\t\t<img loading=\"lazy\" decoding=\"async\" width=\"79\" height=\"1178\" src=\"https:\/\/www.hotel-ledonjon.com\/wp-content\/uploads\/2024\/02\/Groupe-536.svg\" class=\"attachment-full size-full wp-image-219\" alt=\"\" title=\"\">\t\t\t\t\t\t\t\t\t\t\t\t\t\t\t<\/div>\n\t\t\t\t<\/div>\n\t\t\t\t<\/div>\n\t\t\t\t\t<\/div>\n\t\t\t\t<\/div>\n\t\t<div class=\"elementor-element elementor-element-89b827f sec-equipe e-flex e-con-boxed e-con e-parent\" data-id=\"89b827f\" data-element_type=\"container\" data-e-type=\"container\" data-settings=\"{&quot;background_background&quot;:&quot;classic&quot;}\">\n\t\t\t\t\t<div class=\"e-con-inner\">\n\t\t<div class=\"elementor-element elementor-element-e88f1fc e-con-full e-flex e-con e-child\" data-id=\"e88f1fc\" data-element_type=\"container\" data-e-type=\"container\">\n\t\t\t\t<div class=\"elementor-element elementor-element-837f19c img-equipe elementor-widget elementor-widget-image\" data-id=\"837f19c\" data-element_type=\"widget\" data-e-type=\"widget\" data-widget_type=\"image.default\">\n\t\t\t\t<div class=\"elementor-widget-container\">\n\t\t\t\t\t\t\t\t\t\t\t\t\t\t\t<img loading=\"lazy\" decoding=\"async\" width=\"800\" height=\"534\" src=\"https:\/\/www.hotel-ledonjon.com\/wp-content\/uploads\/2024\/04\/Vauban-LeDonjon-avril2023-06-1024x684.jpg\" class=\"attachment-large size-large wp-image-1598\" alt=\"\" srcset=\"https:\/\/www.hotel-ledonjon.com\/wp-content\/uploads\/2024\/04\/Vauban-LeDonjon-avril2023-06-1024x684.jpg 1024w, https:\/\/www.hotel-ledonjon.com\/wp-content\/uploads\/2024\/04\/Vauban-LeDonjon-avril2023-06-300x200.jpg 300w, https:\/\/www.hotel-ledonjon.com\/wp-content\/uploads\/2024\/04\/Vauban-LeDonjon-avril2023-06-768x513.jpg 768w, https:\/\/www.hotel-ledonjon.com\/wp-content\/uploads\/2024\/04\/Vauban-LeDonjon-avril2023-06-1536x1025.jpg 1536w, https:\/\/www.hotel-ledonjon.com\/wp-content\/uploads\/2024\/04\/Vauban-LeDonjon-avril2023-06-18x12.jpg 18w, https:\/\/www.hotel-ledonjon.com\/wp-content\/uploads\/2024\/04\/Vauban-LeDonjon-avril2023-06.jpg 1766w\" sizes=\"(max-width: 800px) 100vw, 800px\" title=\"\">\t\t\t\t\t\t\t\t\t\t\t\t\t\t\t<\/div>\n\t\t\t\t<\/div>\n\t\t<div class=\"elementor-element elementor-element-5997966 col-equipe-content e-flex e-con-boxed e-con e-child\" data-id=\"5997966\" data-element_type=\"container\" data-e-type=\"container\">\n\t\t\t\t\t<div class=\"e-con-inner\">\n\t\t\t\t<div class=\"elementor-element elementor-element-e242547 elementor-widget elementor-widget-image\" data-id=\"e242547\" data-element_type=\"widget\" data-e-type=\"widget\" data-widget_type=\"image.default\">\n\t\t\t\t<div class=\"elementor-widget-container\">\n\t\t\t\t\t\t\t\t\t\t\t\t\t\t\t<img decoding=\"async\" width=\"110\" height=\"4\" src=\"https:\/\/www.hotel-ledonjon.com\/wp-content\/uploads\/2024\/02\/Groupe-525.svg\" class=\"attachment-full size-full wp-image-220\" alt=\"\" title=\"\">\t\t\t\t\t\t\t\t\t\t\t\t\t\t\t<\/div>\n\t\t\t\t<\/div>\n\t\t\t\t<div class=\"elementor-element elementor-element-653c37b elementor-widget elementor-widget-heading\" data-id=\"653c37b\" data-element_type=\"widget\" data-e-type=\"widget\" data-widget_type=\"heading.default\">\n\t\t\t\t<div class=\"elementor-widget-container\">\n\t\t\t\t\t<h2 class=\"elementor-heading-title elementor-size-default\">Rooms and Suites<\/h2>\t\t\t\t<\/div>\n\t\t\t\t<\/div>\n\t\t\t\t<div class=\"elementor-element elementor-element-f66b62e elementor-widget elementor-widget-heading\" data-id=\"f66b62e\" data-element_type=\"widget\" data-e-type=\"widget\" data-widget_type=\"heading.default\">\n\t\t\t\t<div class=\"elementor-widget-container\">\n\t\t\t\t\t<h3 class=\"elementor-heading-title elementor-size-default\">Resting<\/h3>\t\t\t\t<\/div>\n\t\t\t\t<\/div>\n\t\t\t\t<div class=\"elementor-element elementor-element-9d5ce81 elementor-widget elementor-widget-text-editor\" data-id=\"9d5ce81\" data-element_type=\"widget\" data-e-type=\"widget\" data-widget_type=\"text-editor.default\">\n\t\t\t\t<div class=\"elementor-widget-container\">\n\t\t\t\t\t\t\t\t\t<p>Discover the 43 rooms of the H\u00f4tel Le Donjon, their calm and their breathtaking views of the citadel or the hotel garden.<\/p>\t\t\t\t\t\t\t\t<\/div>\n\t\t\t\t<\/div>\n\t\t\t\t<div class=\"elementor-element elementor-element-e6a4e10 btn-border elementor-widget elementor-widget-button\" data-id=\"e6a4e10\" data-element_type=\"widget\" data-e-type=\"widget\" data-widget_type=\"button.default\">\n\t\t\t\t<div class=\"elementor-widget-container\">\n\t\t\t\t\t\t\t\t\t<div class=\"elementor-button-wrapper\">\n\t\t\t\t\t<a class=\"elementor-button elementor-button-link elementor-size-sm\" href=\"https:\/\/www.hotel-ledonjon.com\/en\/sejourner-hotel-a-carcassonne\/\">\n\t\t\t\t\t\t<span class=\"elementor-button-content-wrapper\">\n\t\t\t\t\t\t\t\t\t<span class=\"elementor-button-text\">Go to page<\/span>\n\t\t\t\t\t<\/span>\n\t\t\t\t\t<\/a>\n\t\t\t\t<\/div>\n\t\t\t\t\t\t\t\t<\/div>\n\t\t\t\t<\/div>\n\t\t\t\t\t<\/div>\n\t\t\t\t<\/div>\n\t\t\t\t<\/div>\n\t\t\t\t\t<\/div>\n\t\t\t\t<\/div>\n\t\t\t\t<\/div>","protected":false},"excerpt":{"rendered":"<p>D\u00e9guster Chez Christine Une cuisine d\u2019ici, d\u2019hier \u00e0 aujourd\u2019hui Eden au c\u0153ur de Carcassonne, ce bistrot m\u00e9diterran\u00e9en offre une cuisine marqu\u00e9e par l\u2019ancrage local, l\u2019hospitalit\u00e9 et la g\u00e9n\u00e9rosit\u00e9 occitane avec un twist dans l\u2019assiette.La carte de ce restaurant dans la cit\u00e9 de Carcassonne est sign\u00e9e par notre Chef \u00e9toil\u00e9 J\u00e9r\u00f4me Ryon, La Barbacane &#8211; H\u00f4tel [&hellip;]<\/p>\n","protected":false},"author":12,"featured_media":407,"parent":0,"menu_order":0,"comment_status":"closed","ping_status":"closed","template":"","meta":{"inline_featured_image":false,"footnotes":""},"class_list":["post-79","page","type-page","status-publish","has-post-thumbnail","hentry"],"_links":{"self":[{"href":"https:\/\/www.hotel-ledonjon.com\/en\/wp-json\/wp\/v2\/pages\/79","targetHints":{"allow":["GET"]}}],"collection":[{"href":"https:\/\/www.hotel-ledonjon.com\/en\/wp-json\/wp\/v2\/pages"}],"about":[{"href":"https:\/\/www.hotel-ledonjon.com\/en\/wp-json\/wp\/v2\/types\/page"}],"author":[{"embeddable":true,"href":"https:\/\/www.hotel-ledonjon.com\/en\/wp-json\/wp\/v2\/users\/12"}],"replies":[{"embeddable":true,"href":"https:\/\/www.hotel-ledonjon.com\/en\/wp-json\/wp\/v2\/comments?post=79"}],"version-history":[{"count":67,"href":"https:\/\/www.hotel-ledonjon.com\/en\/wp-json\/wp\/v2\/pages\/79\/revisions"}],"predecessor-version":[{"id":2104,"href":"https:\/\/www.hotel-ledonjon.com\/en\/wp-json\/wp\/v2\/pages\/79\/revisions\/2104"}],"wp:featuredmedia":[{"embeddable":true,"href":"https:\/\/www.hotel-ledonjon.com\/en\/wp-json\/wp\/v2\/media\/407"}],"wp:attachment":[{"href":"https:\/\/www.hotel-ledonjon.com\/en\/wp-json\/wp\/v2\/media?parent=79"}],"curies":[{"name":"wp","href":"https:\/\/api.w.org\/{rel}","templated":true}]}}