{"id":83,"date":"2024-02-14T10:55:47","date_gmt":"2024-02-14T09:55:47","guid":{"rendered":"https:\/\/www.hotel-ledonjon.com\/?page_id=83"},"modified":"2024-05-23T10:20:26","modified_gmt":"2024-05-23T08:20:26","slug":"relax-hotel-spa-carcassonne","status":"publish","type":"page","link":"https:\/\/www.hotel-ledonjon.com\/en\/se-relaxer-hotel-spa-carcassonne\/","title":{"rendered":"Relaxing"},"content":{"rendered":"<div data-elementor-type=\"wp-page\" data-elementor-id=\"83\" class=\"elementor elementor-83\" data-elementor-post-type=\"page\">\n\t\t\t\t<div class=\"elementor-element elementor-element-83dd0f5 e-flex e-con-boxed e-con e-parent\" data-id=\"83dd0f5\" data-element_type=\"container\" data-e-type=\"container\" data-settings=\"{&quot;background_background&quot;:&quot;classic&quot;}\">\n\t\t\t\t\t<div class=\"e-con-inner\">\n\t\t<div class=\"elementor-element elementor-element-454587a e-flex e-con-boxed e-con e-child\" data-id=\"454587a\" data-element_type=\"container\" data-e-type=\"container\">\n\t\t\t\t\t<div class=\"e-con-inner\">\n\t\t\t\t<div class=\"elementor-element elementor-element-35b43df elementor-widget elementor-widget-heading\" data-id=\"35b43df\" data-element_type=\"widget\" data-e-type=\"widget\" data-widget_type=\"heading.default\">\n\t\t\t\t<div class=\"elementor-widget-container\">\n\t\t\t\t\t<h1 class=\"elementor-heading-title elementor-size-default\">Relaxing<\/h1>\t\t\t\t<\/div>\n\t\t\t\t<\/div>\n\t\t\t\t\t<\/div>\n\t\t\t\t<\/div>\n\t\t\t\t\t<\/div>\n\t\t\t\t<\/div>\n\t\t<div class=\"elementor-element elementor-element-49fe223 e-flex e-con-boxed e-con e-parent\" data-id=\"49fe223\" data-element_type=\"container\" data-e-type=\"container\">\n\t\t\t\t\t<div class=\"e-con-inner\">\n\t\t<div class=\"elementor-element elementor-element-2f18d59 e-con-full e-flex e-con e-child\" data-id=\"2f18d59\" data-element_type=\"container\" data-e-type=\"container\">\n\t\t\t\t<div class=\"elementor-element elementor-element-ddec757 elementor-widget elementor-widget-image\" data-id=\"ddec757\" data-element_type=\"widget\" data-e-type=\"widget\" data-widget_type=\"image.default\">\n\t\t\t\t<div class=\"elementor-widget-container\">\n\t\t\t\t\t\t\t\t\t\t\t\t\t\t\t<img decoding=\"async\" width=\"110\" height=\"4\" src=\"https:\/\/www.hotel-ledonjon.com\/wp-content\/uploads\/2024\/02\/Groupe-525.svg\" class=\"attachment-full size-full wp-image-220\" alt=\"\" title=\"\">\t\t\t\t\t\t\t\t\t\t\t\t\t\t\t<\/div>\n\t\t\t\t<\/div>\n\t\t\t\t<div class=\"elementor-element elementor-element-98fa70d elementor-widget__width-initial elementor-widget elementor-widget-heading\" data-id=\"98fa70d\" data-element_type=\"widget\" data-e-type=\"widget\" data-widget_type=\"heading.default\">\n\t\t\t\t<div class=\"elementor-widget-container\">\n\t\t\t\t\t<h2 class=\"elementor-heading-title elementor-size-default\">SPA at the H\u00f4tel de la Cit\u00e9<\/h2>\t\t\t\t<\/div>\n\t\t\t\t<\/div>\n\t\t\t\t<div class=\"elementor-element elementor-element-4751720 elementor-widget elementor-widget-heading\" data-id=\"4751720\" data-element_type=\"widget\" data-e-type=\"widget\" data-widget_type=\"heading.default\">\n\t\t\t\t<div class=\"elementor-widget-container\">\n\t\t\t\t\t<h3 class=\"elementor-heading-title elementor-size-default\">Relaxation at the heart of the city<\/h3>\t\t\t\t<\/div>\n\t\t\t\t<\/div>\n\t\t\t\t<div class=\"elementor-element elementor-element-d6207a1 elementor-widget__width-initial elementor-widget elementor-widget-text-editor\" data-id=\"d6207a1\" data-element_type=\"widget\" data-e-type=\"widget\" data-widget_type=\"text-editor.default\">\n\t\t\t\t<div class=\"elementor-widget-container\">\n\t\t\t\t\t\t\t\t\t<p>Located just 2 minutes' walk from our hotel, the Spa de l'H\u00f4tel de la Cit\u00e9 is the key to your relaxation. In collaboration with Cinq Mondes and Cellcosmet, enjoy a total wellness experience under the banner of luxury. With its treatment rooms, phyto-aromatic bath, spa and hammam, this Carcassonne spa hotel is a sanctuary of excellence for deep regeneration.<\/p>\t\t\t\t\t\t\t\t<\/div>\n\t\t\t\t<\/div>\n\t\t\t\t<div class=\"elementor-element elementor-element-2d24eb7 btn-border elementor-widget elementor-widget-button\" data-id=\"2d24eb7\" data-element_type=\"widget\" data-e-type=\"widget\" data-widget_type=\"button.default\">\n\t\t\t\t<div class=\"elementor-widget-container\">\n\t\t\t\t\t\t\t\t\t<div class=\"elementor-button-wrapper\">\n\t\t\t\t\t<a class=\"elementor-button elementor-button-link elementor-size-sm\" href=\"https:\/\/www.hoteldelacite.com.preprod.eliophot.fr\/se-relaxer-hotel-carcassonne-piscine\/spa-carcassonne\/\" target=\"_blank\" rel=\"nofollow noopener\">\n\t\t\t\t\t\t<span class=\"elementor-button-content-wrapper\">\n\t\t\t\t\t\t\t\t\t<span class=\"elementor-button-text\">discover the Spa<\/span>\n\t\t\t\t\t<\/span>\n\t\t\t\t\t<\/a>\n\t\t\t\t<\/div>\n\t\t\t\t\t\t\t\t<\/div>\n\t\t\t\t<\/div>\n\t\t\t\t<\/div>\n\t\t<div class=\"elementor-element elementor-element-1f7775c e-con-full e-flex e-con e-child\" data-id=\"1f7775c\" data-element_type=\"container\" data-e-type=\"container\">\n\t\t\t\t<div class=\"elementor-element elementor-element-0f857c7 elementor-hidden-tablet elementor-hidden-mobile elementor-widget elementor-widget-image\" data-id=\"0f857c7\" data-element_type=\"widget\" data-e-type=\"widget\" data-widget_type=\"image.default\">\n\t\t\t\t<div class=\"elementor-widget-container\">\n\t\t\t\t\t\t\t\t\t\t\t\t\t\t\t<img fetchpriority=\"high\" decoding=\"async\" width=\"466\" height=\"476\" src=\"https:\/\/www.hotel-ledonjon.com\/wp-content\/uploads\/2024\/03\/Groupe-998-1.png\" class=\"attachment-large size-large wp-image-622\" alt=\"\" srcset=\"https:\/\/www.hotel-ledonjon.com\/wp-content\/uploads\/2024\/03\/Groupe-998-1.png 466w, https:\/\/www.hotel-ledonjon.com\/wp-content\/uploads\/2024\/03\/Groupe-998-1-294x300.png 294w, https:\/\/www.hotel-ledonjon.com\/wp-content\/uploads\/2024\/03\/Groupe-998-1-12x12.png 12w\" sizes=\"(max-width: 466px) 100vw, 466px\" title=\"\">\t\t\t\t\t\t\t\t\t\t\t\t\t\t\t<\/div>\n\t\t\t\t<\/div>\n\t\t\t\t<div class=\"elementor-element elementor-element-613ffee elementor-widget elementor-widget-image\" data-id=\"613ffee\" data-element_type=\"widget\" data-e-type=\"widget\" data-widget_type=\"image.default\">\n\t\t\t\t<div class=\"elementor-widget-container\">\n\t\t\t\t\t\t\t\t\t\t\t\t\t\t\t<img decoding=\"async\" width=\"2000\" height=\"1333\" src=\"https:\/\/www.hotel-ledonjon.com\/wp-content\/uploads\/2024\/03\/spa-graine-pastel-se-relaxer-hotel-de-la-cite.jpg\" class=\"attachment-full size-full wp-image-882\" alt=\"\" srcset=\"https:\/\/www.hotel-ledonjon.com\/wp-content\/uploads\/2024\/03\/spa-graine-pastel-se-relaxer-hotel-de-la-cite.jpg 2000w, https:\/\/www.hotel-ledonjon.com\/wp-content\/uploads\/2024\/03\/spa-graine-pastel-se-relaxer-hotel-de-la-cite-300x200.jpg 300w, https:\/\/www.hotel-ledonjon.com\/wp-content\/uploads\/2024\/03\/spa-graine-pastel-se-relaxer-hotel-de-la-cite-1024x682.jpg 1024w, https:\/\/www.hotel-ledonjon.com\/wp-content\/uploads\/2024\/03\/spa-graine-pastel-se-relaxer-hotel-de-la-cite-768x512.jpg 768w, https:\/\/www.hotel-ledonjon.com\/wp-content\/uploads\/2024\/03\/spa-graine-pastel-se-relaxer-hotel-de-la-cite-1536x1024.jpg 1536w, https:\/\/www.hotel-ledonjon.com\/wp-content\/uploads\/2024\/03\/spa-graine-pastel-se-relaxer-hotel-de-la-cite-18x12.jpg 18w\" sizes=\"(max-width: 2000px) 100vw, 2000px\" title=\"\">\t\t\t\t\t\t\t\t\t\t\t\t\t\t\t<\/div>\n\t\t\t\t<\/div>\n\t\t\t\t<div class=\"elementor-element elementor-element-ad96398 elementor-hidden-mobile elementor-widget elementor-widget-image\" data-id=\"ad96398\" data-element_type=\"widget\" data-e-type=\"widget\" data-widget_type=\"image.default\">\n\t\t\t\t<div class=\"elementor-widget-container\">\n\t\t\t\t\t\t\t\t\t\t\t\t\t\t\t<img fetchpriority=\"high\" decoding=\"async\" width=\"466\" height=\"476\" src=\"https:\/\/www.hotel-ledonjon.com\/wp-content\/uploads\/2024\/03\/Groupe-998-1.png\" class=\"attachment-large size-large wp-image-622\" alt=\"\" srcset=\"https:\/\/www.hotel-ledonjon.com\/wp-content\/uploads\/2024\/03\/Groupe-998-1.png 466w, https:\/\/www.hotel-ledonjon.com\/wp-content\/uploads\/2024\/03\/Groupe-998-1-294x300.png 294w, https:\/\/www.hotel-ledonjon.com\/wp-content\/uploads\/2024\/03\/Groupe-998-1-12x12.png 12w\" sizes=\"(max-width: 466px) 100vw, 466px\" title=\"\">\t\t\t\t\t\t\t\t\t\t\t\t\t\t\t<\/div>\n\t\t\t\t<\/div>\n\t\t\t\t<\/div>\n\t\t\t\t\t<\/div>\n\t\t\t\t<\/div>\n\t\t<div class=\"elementor-element elementor-element-ab7b580 e-con-full e-flex e-con e-parent\" data-id=\"ab7b580\" data-element_type=\"container\" data-e-type=\"container\">\n\t\t<div class=\"elementor-element elementor-element-bc90304 e-con-full e-flex e-con e-child\" data-id=\"bc90304\" data-element_type=\"container\" data-e-type=\"container\">\n\t\t<div class=\"elementor-element elementor-element-ea74735 e-con-full e-flex e-con e-child\" data-id=\"ea74735\" data-element_type=\"container\" data-e-type=\"container\">\n\t\t\t\t<div class=\"elementor-element elementor-element-14ae4e8 elementor-widget elementor-widget-image\" data-id=\"14ae4e8\" data-element_type=\"widget\" data-e-type=\"widget\" data-widget_type=\"image.default\">\n\t\t\t\t<div class=\"elementor-widget-container\">\n\t\t\t\t\t\t\t\t\t\t\t\t\t\t\t<img loading=\"lazy\" decoding=\"async\" width=\"1920\" height=\"1281\" src=\"https:\/\/www.hotel-ledonjon.com\/wp-content\/uploads\/2024\/04\/jardin-5.jpg\" class=\"attachment-full size-full wp-image-1525\" alt=\"\" srcset=\"https:\/\/www.hotel-ledonjon.com\/wp-content\/uploads\/2024\/04\/jardin-5.jpg 1920w, https:\/\/www.hotel-ledonjon.com\/wp-content\/uploads\/2024\/04\/jardin-5-300x200.jpg 300w, https:\/\/www.hotel-ledonjon.com\/wp-content\/uploads\/2024\/04\/jardin-5-1024x683.jpg 1024w, https:\/\/www.hotel-ledonjon.com\/wp-content\/uploads\/2024\/04\/jardin-5-768x512.jpg 768w, https:\/\/www.hotel-ledonjon.com\/wp-content\/uploads\/2024\/04\/jardin-5-1536x1025.jpg 1536w, https:\/\/www.hotel-ledonjon.com\/wp-content\/uploads\/2024\/04\/jardin-5-18x12.jpg 18w\" sizes=\"(max-width: 1920px) 100vw, 1920px\" title=\"\">\t\t\t\t\t\t\t\t\t\t\t\t\t\t\t<\/div>\n\t\t\t\t<\/div>\n\t\t\t\t<div class=\"elementor-element elementor-element-69cd632 elementor-absolute elementor-widget elementor-widget-image\" data-id=\"69cd632\" data-element_type=\"widget\" data-e-type=\"widget\" data-settings=\"{&quot;_position&quot;:&quot;absolute&quot;}\" data-widget_type=\"image.default\">\n\t\t\t\t<div class=\"elementor-widget-container\">\n\t\t\t\t\t\t\t\t\t\t\t\t\t\t\t<img loading=\"lazy\" decoding=\"async\" width=\"272\" height=\"1024\" src=\"https:\/\/www.hotel-ledonjon.com\/wp-content\/uploads\/2024\/03\/Groupe-947-272x1024.png\" class=\"attachment-large size-large wp-image-645\" alt=\"\" srcset=\"https:\/\/www.hotel-ledonjon.com\/wp-content\/uploads\/2024\/03\/Groupe-947-272x1024.png 272w, https:\/\/www.hotel-ledonjon.com\/wp-content\/uploads\/2024\/03\/Groupe-947-80x300.png 80w, https:\/\/www.hotel-ledonjon.com\/wp-content\/uploads\/2024\/03\/Groupe-947-3x12.png 3w, https:\/\/www.hotel-ledonjon.com\/wp-content\/uploads\/2024\/03\/Groupe-947.png 285w\" sizes=\"(max-width: 272px) 100vw, 272px\" title=\"\">\t\t\t\t\t\t\t\t\t\t\t\t\t\t\t<\/div>\n\t\t\t\t<\/div>\n\t\t\t\t<\/div>\n\t\t<div class=\"elementor-element elementor-element-4479387 e-con-full e-flex e-con e-child\" data-id=\"4479387\" data-element_type=\"container\" data-e-type=\"container\">\n\t\t\t\t<div class=\"elementor-element elementor-element-4a7f1e4 elementor-widget elementor-widget-image\" data-id=\"4a7f1e4\" data-element_type=\"widget\" data-e-type=\"widget\" data-widget_type=\"image.default\">\n\t\t\t\t<div class=\"elementor-widget-container\">\n\t\t\t\t\t\t\t\t\t\t\t\t\t\t\t<img decoding=\"async\" width=\"110\" height=\"4\" src=\"https:\/\/www.hotel-ledonjon.com\/wp-content\/uploads\/2024\/02\/Groupe-525.svg\" class=\"attachment-full size-full wp-image-220\" alt=\"\" title=\"\">\t\t\t\t\t\t\t\t\t\t\t\t\t\t\t<\/div>\n\t\t\t\t<\/div>\n\t\t\t\t<div class=\"elementor-element elementor-element-4eeb6f1 elementor-widget elementor-widget-heading\" data-id=\"4eeb6f1\" data-element_type=\"widget\" data-e-type=\"widget\" data-widget_type=\"heading.default\">\n\t\t\t\t<div class=\"elementor-widget-container\">\n\t\t\t\t\t<h2 class=\"elementor-heading-title elementor-size-default\">The Garden<\/h2>\t\t\t\t<\/div>\n\t\t\t\t<\/div>\n\t\t\t\t<div class=\"elementor-element elementor-element-2723c44 elementor-widget elementor-widget-heading\" data-id=\"2723c44\" data-element_type=\"widget\" data-e-type=\"widget\" data-widget_type=\"heading.default\">\n\t\t\t\t<div class=\"elementor-widget-container\">\n\t\t\t\t\t<h3 class=\"elementor-heading-title elementor-size-default\">In the quietest part of Carcassonne<\/h3>\t\t\t\t<\/div>\n\t\t\t\t<\/div>\n\t\t\t\t<div class=\"elementor-element elementor-element-bf031da elementor-widget__width-initial elementor-widget-mobile__width-inherit elementor-widget elementor-widget-text-editor\" data-id=\"bf031da\" data-element_type=\"widget\" data-e-type=\"widget\" data-widget_type=\"text-editor.default\">\n\t\t\t\t<div class=\"elementor-widget-container\">\n\t\t\t\t\t\t\t\t\t<p>Like a family home, H\u00f4tel Le Donjon and its gardens are the place to relax and enjoy some precious time to yourself. In the shade of the trees, time flies in an almost rural setting, despite being in the heart of the medieval city of Carcassonne.<\/p>\t\t\t\t\t\t\t\t<\/div>\n\t\t\t\t<\/div>\n\t\t\t\t<\/div>\n\t\t\t\t<\/div>\n\t\t\t\t<\/div>\n\t\t<div class=\"elementor-element elementor-element-06c2811 e-con-full e-flex e-con e-parent\" data-id=\"06c2811\" data-element_type=\"container\" data-e-type=\"container\" data-settings=\"{&quot;background_background&quot;:&quot;classic&quot;}\">\n\t\t\t\t<div class=\"elementor-element elementor-element-5d800a0 elementor-arrows-position-inside elementor-widget elementor-widget-image-carousel\" data-id=\"5d800a0\" data-element_type=\"widget\" data-e-type=\"widget\" data-settings=\"{&quot;slides_to_show&quot;:&quot;3&quot;,&quot;navigation&quot;:&quot;arrows&quot;,&quot;slides_to_show_tablet&quot;:&quot;1&quot;,&quot;slides_to_scroll&quot;:&quot;1&quot;,&quot;autoplay&quot;:&quot;yes&quot;,&quot;pause_on_hover&quot;:&quot;yes&quot;,&quot;pause_on_interaction&quot;:&quot;yes&quot;,&quot;autoplay_speed&quot;:5000,&quot;infinite&quot;:&quot;yes&quot;,&quot;speed&quot;:500,&quot;image_spacing_custom&quot;:{&quot;unit&quot;:&quot;px&quot;,&quot;size&quot;:20,&quot;sizes&quot;:[]}}\" data-widget_type=\"image-carousel.default\">\n\t\t\t\t<div class=\"elementor-widget-container\">\n\t\t\t\t\t\t\t<div class=\"elementor-image-carousel-wrapper swiper\" role=\"region\" aria-roledescription=\"carousel\" aria-label=\"Image carousel\" dir=\"ltr\">\n\t\t\t<div class=\"elementor-image-carousel swiper-wrapper\" aria-live=\"off\">\n\t\t\t\t\t\t\t\t<div class=\"swiper-slide\" role=\"group\" aria-roledescription=\"slide\" aria-label=\"1 of 9\"><figure class=\"swiper-slide-inner\"><img decoding=\"async\" class=\"swiper-slide-image\" src=\"https:\/\/www.hotel-ledonjon.com\/wp-content\/uploads\/elementor\/thumbs\/terrasse-qmgjzv69mt5odsyfvlx0f0skxul1dx17l7ofnoknm0.jpg\" alt=\"terrace\" title=\"\"><\/figure><\/div><div class=\"swiper-slide\" role=\"group\" aria-roledescription=\"slide\" aria-label=\"2 out of 9\"><figure class=\"swiper-slide-inner\"><img decoding=\"async\" class=\"swiper-slide-image\" src=\"https:\/\/www.hotel-ledonjon.com\/wp-content\/uploads\/elementor\/thumbs\/spa-cinq-monde-hotel-de-la-cite-qltp0pbupjt0j029p3rx7bzxcf3h5v93kdhhod29ag.jpg\" alt=\"spa-cinq monde hotel de la cite\" title=\"\"><\/figure><\/div><div class=\"swiper-slide\" role=\"group\" aria-roledescription=\"slide\" aria-label=\"3 sur 9\"><figure class=\"swiper-slide-inner\"><img decoding=\"async\" class=\"swiper-slide-image\" src=\"https:\/\/www.hotel-ledonjon.com\/wp-content\/uploads\/elementor\/thumbs\/terrasse-2-qmgjztal9533ql166l3ra19nr2uayitqwydgp4nfyg.jpg\" alt=\"terrace 2\" title=\"\"><\/figure><\/div><div class=\"swiper-slide\" role=\"group\" aria-roledescription=\"slide\" aria-label=\"4 sur 9\"><figure class=\"swiper-slide-inner\"><img decoding=\"async\" class=\"swiper-slide-image\" src=\"https:\/\/www.hotel-ledonjon.com\/wp-content\/uploads\/elementor\/thumbs\/jardin-7-qmgjzrewvh0j3d3whkai51qqkb3kj4ma8p2hqkq8aw.jpg\" alt=\"garden 7\" title=\"\"><\/figure><\/div><div class=\"swiper-slide\" role=\"group\" aria-roledescription=\"slide\" aria-label=\"5 sur 9\"><figure class=\"swiper-slide-inner\"><img decoding=\"async\" class=\"swiper-slide-image\" src=\"https:\/\/www.hotel-ledonjon.com\/wp-content\/uploads\/elementor\/thumbs\/spa-graine-pastel-se-relaxer-hotel-de-la-cite-qltp0pbupjt0j029p3rx7bzxcf3h5v93kdhhod29ag.jpg\" alt=\"spa-graine pastel - relax hotel de la cite\" title=\"\"><\/figure><\/div><div class=\"swiper-slide\" role=\"group\" aria-roledescription=\"slide\" aria-label=\"6 sur 9\"><figure class=\"swiper-slide-inner\"><img decoding=\"async\" class=\"swiper-slide-image\" src=\"https:\/\/www.hotel-ledonjon.com\/wp-content\/uploads\/elementor\/thumbs\/jardin-6-qmgjzpj8hsxyg56msjh9027tdjcu3qetkfris0t0nc.jpg\" alt=\"garden 6\" title=\"\"><\/figure><\/div><div class=\"swiper-slide\" role=\"group\" aria-roledescription=\"slide\" aria-label=\"7 sur 9\"><figure class=\"swiper-slide-inner\"><img decoding=\"async\" class=\"swiper-slide-image\" src=\"https:\/\/www.hotel-ledonjon.com\/wp-content\/uploads\/elementor\/thumbs\/jardin-4-qmgjzmppxau3hbaq909dakxfldqqgn3mk1t2c6x760.jpg\" alt=\"garden 4\" title=\"\"><\/figure><\/div><div class=\"swiper-slide\" role=\"group\" aria-roledescription=\"slide\" aria-label=\"8 out of 9\"><figure class=\"swiper-slide-inner\"><img decoding=\"async\" class=\"swiper-slide-image\" src=\"https:\/\/www.hotel-ledonjon.com\/wp-content\/uploads\/elementor\/thumbs\/jardin-3-qmgjzku1jmriu3dgjzg45leiem0018w5vsi3dmzzig.jpg\" alt=\"garden 3\" title=\"\"><\/figure><\/div><div class=\"swiper-slide\" role=\"group\" aria-roledescription=\"slide\" aria-label=\"9 out of 9\"><figure class=\"swiper-slide-inner\"><img decoding=\"async\" class=\"swiper-slide-image\" src=\"https:\/\/www.hotel-ledonjon.com\/wp-content\/uploads\/elementor\/thumbs\/jardin-2-qmgjzjw7csq8ihetph1hl3n1t84mtjsfjnulwd1doo.jpg\" alt=\"garden 2\" title=\"\"><\/figure><\/div>\t\t\t<\/div>\n\t\t\t\t\t\t\t\t\t\t\t\t<div class=\"elementor-swiper-button elementor-swiper-button-prev\" role=\"button\" tabindex=\"0\">\n\t\t\t\t\t\t<i aria-hidden=\"true\" class=\"eicon-chevron-left\"><\/i>\t\t\t\t\t<\/div>\n\t\t\t\t\t<div class=\"elementor-swiper-button elementor-swiper-button-next\" role=\"button\" tabindex=\"0\">\n\t\t\t\t\t\t<i aria-hidden=\"true\" class=\"eicon-chevron-right\"><\/i>\t\t\t\t\t<\/div>\n\t\t\t\t\n\t\t\t\t\t\t\t\t\t<\/div>\n\t\t\t\t\t\t<\/div>\n\t\t\t\t<\/div>\n\t\t\t\t<\/div>\n\t\t<div class=\"elementor-element elementor-element-7cb4edd e-flex e-con-boxed e-con e-child\" data-id=\"7cb4edd\" data-element_type=\"container\" data-e-type=\"container\">\n\t\t\t\t\t<div class=\"e-con-inner\">\n\t\t<div class=\"elementor-element elementor-element-0094bc4 e-con-full e-flex e-con e-child\" data-id=\"0094bc4\" data-element_type=\"container\" data-e-type=\"container\" data-settings=\"{&quot;background_background&quot;:&quot;classic&quot;}\">\n\t\t\t\t<div class=\"elementor-element elementor-element-2ba7faa elementor-widget elementor-widget-image\" data-id=\"2ba7faa\" data-element_type=\"widget\" data-e-type=\"widget\" data-widget_type=\"image.default\">\n\t\t\t\t<div class=\"elementor-widget-container\">\n\t\t\t\t\t\t\t\t\t\t\t\t\t\t\t<img decoding=\"async\" width=\"110\" height=\"4\" src=\"https:\/\/www.hotel-ledonjon.com\/wp-content\/uploads\/2024\/02\/Groupe-525.svg\" class=\"attachment-full size-full wp-image-220\" alt=\"\" title=\"\">\t\t\t\t\t\t\t\t\t\t\t\t\t\t\t<\/div>\n\t\t\t\t<\/div>\n\t\t\t\t<div class=\"elementor-element elementor-element-348c023 elementor-widget elementor-widget-heading\" data-id=\"348c023\" data-element_type=\"widget\" data-e-type=\"widget\" data-widget_type=\"heading.default\">\n\t\t\t\t<div class=\"elementor-widget-container\">\n\t\t\t\t\t<h2 class=\"elementor-heading-title elementor-size-default\">Our rooms<\/h2>\t\t\t\t<\/div>\n\t\t\t\t<\/div>\n\t\t\t\t<div class=\"elementor-element elementor-element-9867310 elementor-widget elementor-widget-heading\" data-id=\"9867310\" data-element_type=\"widget\" data-e-type=\"widget\" data-widget_type=\"heading.default\">\n\t\t\t\t<div class=\"elementor-widget-container\">\n\t\t\t\t\t<h3 class=\"elementor-heading-title elementor-size-default\">And more<\/h3>\t\t\t\t<\/div>\n\t\t\t\t<\/div>\n\t\t<div class=\"elementor-element elementor-element-e4edcc9 e-con-full e-flex e-con e-child\" data-id=\"e4edcc9\" data-element_type=\"container\" data-e-type=\"container\">\n\t\t\t\t<div class=\"elementor-element elementor-element-e71e6d3 elementor-widget elementor-widget-image\" data-id=\"e71e6d3\" data-element_type=\"widget\" data-e-type=\"widget\" data-widget_type=\"image.default\">\n\t\t\t\t<div class=\"elementor-widget-container\">\n\t\t\t\t\t\t\t\t\t\t\t\t\t\t\t<img loading=\"lazy\" decoding=\"async\" width=\"800\" height=\"534\" src=\"https:\/\/www.hotel-ledonjon.com\/wp-content\/uploads\/2024\/04\/chambre-6-1024x683.jpg\" class=\"attachment-large size-large wp-image-1602\" alt=\"\" srcset=\"https:\/\/www.hotel-ledonjon.com\/wp-content\/uploads\/2024\/04\/chambre-6-1024x683.jpg 1024w, https:\/\/www.hotel-ledonjon.com\/wp-content\/uploads\/2024\/04\/chambre-6-300x200.jpg 300w, https:\/\/www.hotel-ledonjon.com\/wp-content\/uploads\/2024\/04\/chambre-6-768x512.jpg 768w, https:\/\/www.hotel-ledonjon.com\/wp-content\/uploads\/2024\/04\/chambre-6-1536x1025.jpg 1536w, https:\/\/www.hotel-ledonjon.com\/wp-content\/uploads\/2024\/04\/chambre-6-18x12.jpg 18w, https:\/\/www.hotel-ledonjon.com\/wp-content\/uploads\/2024\/04\/chambre-6.jpg 1920w\" sizes=\"(max-width: 800px) 100vw, 800px\" title=\"\">\t\t\t\t\t\t\t\t\t\t\t\t\t\t\t<\/div>\n\t\t\t\t<\/div>\n\t\t\t\t<div class=\"elementor-element elementor-element-96bf332 elementor-align-justify elementor-absolute elementor-widget elementor-widget-button\" data-id=\"96bf332\" data-element_type=\"widget\" data-e-type=\"widget\" data-settings=\"{&quot;_position&quot;:&quot;absolute&quot;}\" data-widget_type=\"button.default\">\n\t\t\t\t<div class=\"elementor-widget-container\">\n\t\t\t\t\t\t\t\t\t<div class=\"elementor-button-wrapper\">\n\t\t\t\t\t<a class=\"elementor-button elementor-button-link elementor-size-sm\" href=\"https:\/\/www.hotel-ledonjon.com\/en\/sejourner-hotel-a-carcassonne\/\">\n\t\t\t\t\t\t<span class=\"elementor-button-content-wrapper\">\n\t\t\t\t\t\t\t\t\t<span class=\"elementor-button-text\">Discover<\/span>\n\t\t\t\t\t<\/span>\n\t\t\t\t\t<\/a>\n\t\t\t\t<\/div>\n\t\t\t\t\t\t\t\t<\/div>\n\t\t\t\t<\/div>\n\t\t\t\t<div class=\"elementor-element elementor-element-eee0073 elementor-widget elementor-widget-image\" data-id=\"eee0073\" data-element_type=\"widget\" data-e-type=\"widget\" data-widget_type=\"image.default\">\n\t\t\t\t<div class=\"elementor-widget-container\">\n\t\t\t\t\t\t\t\t\t\t\t\t\t\t\t<img loading=\"lazy\" decoding=\"async\" width=\"800\" height=\"534\" src=\"https:\/\/www.hotel-ledonjon.com\/wp-content\/uploads\/2024\/04\/Vauban-LeDonjon-avril2023-07-1024x683.jpg\" class=\"attachment-large size-large wp-image-1597\" alt=\"\" srcset=\"https:\/\/www.hotel-ledonjon.com\/wp-content\/uploads\/2024\/04\/Vauban-LeDonjon-avril2023-07-1024x683.jpg 1024w, https:\/\/www.hotel-ledonjon.com\/wp-content\/uploads\/2024\/04\/Vauban-LeDonjon-avril2023-07-300x200.jpg 300w, https:\/\/www.hotel-ledonjon.com\/wp-content\/uploads\/2024\/04\/Vauban-LeDonjon-avril2023-07-768x512.jpg 768w, https:\/\/www.hotel-ledonjon.com\/wp-content\/uploads\/2024\/04\/Vauban-LeDonjon-avril2023-07-1536x1025.jpg 1536w, https:\/\/www.hotel-ledonjon.com\/wp-content\/uploads\/2024\/04\/Vauban-LeDonjon-avril2023-07-18x12.jpg 18w, https:\/\/www.hotel-ledonjon.com\/wp-content\/uploads\/2024\/04\/Vauban-LeDonjon-avril2023-07.jpg 1761w\" sizes=\"(max-width: 800px) 100vw, 800px\" title=\"\">\t\t\t\t\t\t\t\t\t\t\t\t\t\t\t<\/div>\n\t\t\t\t<\/div>\n\t\t\t\t<\/div>\n\t\t\t\t<\/div>\n\t\t\t\t\t<\/div>\n\t\t\t\t<\/div>\n\t\t\t\t<\/div>","protected":false},"excerpt":{"rendered":"<p>Se Relaxer SPA de l&rsquo;h\u00f4tel de la cit\u00e9 La d\u00e9tente au c\u0153ur de la cit\u00e9 Situ\u00e9 \u00e0 seulement 2 minutes \u00e0 pied de notre h\u00f4tel, le Spa de l\u2019H\u00f4tel de la Cit\u00e9 est la cl\u00e9 de votre relaxation. En collaboration avec Cinq Mondes et Cellcosmet, vivez une exp\u00e9rience totale du bien-\u00eatre sous le signe du [&hellip;]<\/p>\n","protected":false},"author":12,"featured_media":884,"parent":0,"menu_order":0,"comment_status":"closed","ping_status":"closed","template":"","meta":{"inline_featured_image":false,"footnotes":""},"class_list":["post-83","page","type-page","status-publish","has-post-thumbnail","hentry"],"_links":{"self":[{"href":"https:\/\/www.hotel-ledonjon.com\/en\/wp-json\/wp\/v2\/pages\/83","targetHints":{"allow":["GET"]}}],"collection":[{"href":"https:\/\/www.hotel-ledonjon.com\/en\/wp-json\/wp\/v2\/pages"}],"about":[{"href":"https:\/\/www.hotel-ledonjon.com\/en\/wp-json\/wp\/v2\/types\/page"}],"author":[{"embeddable":true,"href":"https:\/\/www.hotel-ledonjon.com\/en\/wp-json\/wp\/v2\/users\/12"}],"replies":[{"embeddable":true,"href":"https:\/\/www.hotel-ledonjon.com\/en\/wp-json\/wp\/v2\/comments?post=83"}],"version-history":[{"count":37,"href":"https:\/\/www.hotel-ledonjon.com\/en\/wp-json\/wp\/v2\/pages\/83\/revisions"}],"predecessor-version":[{"id":1978,"href":"https:\/\/www.hotel-ledonjon.com\/en\/wp-json\/wp\/v2\/pages\/83\/revisions\/1978"}],"wp:featuredmedia":[{"embeddable":true,"href":"https:\/\/www.hotel-ledonjon.com\/en\/wp-json\/wp\/v2\/media\/884"}],"wp:attachment":[{"href":"https:\/\/www.hotel-ledonjon.com\/en\/wp-json\/wp\/v2\/media?parent=83"}],"curies":[{"name":"wp","href":"https:\/\/api.w.org\/{rel}","templated":true}]}}