{"id":89,"date":"2024-02-14T10:57:21","date_gmt":"2024-02-14T09:57:21","guid":{"rendered":"https:\/\/www.hotel-ledonjon.com\/?page_id=89"},"modified":"2025-04-22T16:35:37","modified_gmt":"2025-04-22T14:35:37","slug":"carcassonne-activities-to-discover","status":"publish","type":"page","link":"https:\/\/www.hotel-ledonjon.com\/en\/tourisme-visiter-carcassonne\/carcassonne-activites-a-decouvrir\/","title":{"rendered":"discover carcassonne"},"content":{"rendered":"<div data-elementor-type=\"wp-page\" data-elementor-id=\"89\" class=\"elementor elementor-89\" data-elementor-post-type=\"page\">\n\t\t\t\t<div class=\"elementor-element elementor-element-eaab589 e-flex e-con-boxed e-con e-parent\" data-id=\"eaab589\" data-element_type=\"container\" data-e-type=\"container\" data-settings=\"{&quot;background_background&quot;:&quot;classic&quot;}\">\n\t\t\t\t\t<div class=\"e-con-inner\">\n\t\t<div class=\"elementor-element elementor-element-7039063 e-flex e-con-boxed e-con e-child\" data-id=\"7039063\" data-element_type=\"container\" data-e-type=\"container\">\n\t\t\t\t\t<div class=\"e-con-inner\">\n\t\t\t\t<div class=\"elementor-element elementor-element-326c1ae elementor-widget elementor-widget-heading\" data-id=\"326c1ae\" data-element_type=\"widget\" data-e-type=\"widget\" data-widget_type=\"heading.default\">\n\t\t\t\t<div class=\"elementor-widget-container\">\n\t\t\t\t\t<h1 class=\"elementor-heading-title elementor-size-default\">Activities<\/h1>\t\t\t\t<\/div>\n\t\t\t\t<\/div>\n\t\t\t\t\t<\/div>\n\t\t\t\t<\/div>\n\t\t\t\t\t<\/div>\n\t\t\t\t<\/div>\n\t\t<div class=\"elementor-element elementor-element-9fe1d2c e-flex e-con-boxed e-con e-parent\" data-id=\"9fe1d2c\" data-element_type=\"container\" data-e-type=\"container\" data-settings=\"{&quot;background_background&quot;:&quot;classic&quot;}\">\n\t\t\t\t\t<div class=\"e-con-inner\">\n\t\t\t\t<div class=\"elementor-element elementor-element-bd1755d elementor-widget elementor-widget-image\" data-id=\"bd1755d\" data-element_type=\"widget\" data-e-type=\"widget\" data-widget_type=\"image.default\">\n\t\t\t\t<div class=\"elementor-widget-container\">\n\t\t\t\t\t\t\t\t\t\t\t\t\t\t\t<img decoding=\"async\" width=\"110\" height=\"4\" src=\"https:\/\/www.hotel-ledonjon.com\/wp-content\/uploads\/2025\/04\/Groupe-525.svg\" class=\"attachment-full size-full wp-image-2285\" alt=\"\" title=\"\">\t\t\t\t\t\t\t\t\t\t\t\t\t\t\t<\/div>\n\t\t\t\t<\/div>\n\t\t\t\t<div class=\"elementor-element elementor-element-23e8520 elementor-widget elementor-widget-heading\" data-id=\"23e8520\" data-element_type=\"widget\" data-e-type=\"widget\" data-widget_type=\"heading.default\">\n\t\t\t\t<div class=\"elementor-widget-container\">\n\t\t\t\t\t<h2 class=\"elementor-heading-title elementor-size-default\">The different visits<\/h2>\t\t\t\t<\/div>\n\t\t\t\t<\/div>\n\t\t\t\t<div class=\"elementor-element elementor-element-7cdaf3c elementor-widget elementor-widget-heading\" data-id=\"7cdaf3c\" data-element_type=\"widget\" data-e-type=\"widget\" data-widget_type=\"heading.default\">\n\t\t\t\t<div class=\"elementor-widget-container\">\n\t\t\t\t\t<h3 class=\"elementor-heading-title elementor-size-default\">in and around Bastide saint louis<\/h3>\t\t\t\t<\/div>\n\t\t\t\t<\/div>\n\t\t<div class=\"elementor-element elementor-element-d1a27f1 e-con-full e-flex e-con e-child\" data-id=\"d1a27f1\" data-element_type=\"container\" data-e-type=\"container\" data-settings=\"{&quot;background_background&quot;:&quot;classic&quot;}\">\n\t\t\t\t<div class=\"elementor-element elementor-element-445dcbd elementor-absolute elementor-widget elementor-widget-image\" data-id=\"445dcbd\" data-element_type=\"widget\" data-e-type=\"widget\" data-settings=\"{&quot;_position&quot;:&quot;absolute&quot;}\" data-widget_type=\"image.default\">\n\t\t\t\t<div class=\"elementor-widget-container\">\n\t\t\t\t\t\t\t\t\t\t\t\t\t\t\t<img fetchpriority=\"high\" decoding=\"async\" width=\"410\" height=\"1353\" src=\"https:\/\/www.hotel-ledonjon.com\/wp-content\/uploads\/2025\/04\/Groupe-998-2x.png\" class=\"attachment-full size-full wp-image-2302\" alt=\"\" srcset=\"https:\/\/www.hotel-ledonjon.com\/wp-content\/uploads\/2025\/04\/Groupe-998-2x.png 410w, https:\/\/www.hotel-ledonjon.com\/wp-content\/uploads\/2025\/04\/Groupe-998-2x-91x300.png 91w, https:\/\/www.hotel-ledonjon.com\/wp-content\/uploads\/2025\/04\/Groupe-998-2x-310x1024.png 310w, https:\/\/www.hotel-ledonjon.com\/wp-content\/uploads\/2025\/04\/Groupe-998-2x-4x12.png 4w\" sizes=\"(max-width: 410px) 100vw, 410px\" title=\"\">\t\t\t\t\t\t\t\t\t\t\t\t\t\t\t<\/div>\n\t\t\t\t<\/div>\n\t\t<div class=\"elementor-element elementor-element-676f2fe e-con-full e-flex e-con e-child\" data-id=\"676f2fe\" data-element_type=\"container\" data-e-type=\"container\" data-settings=\"{&quot;background_background&quot;:&quot;classic&quot;}\">\n\t\t\t\t<div class=\"elementor-element elementor-element-dc143df elementor-widget elementor-widget-image\" data-id=\"dc143df\" data-element_type=\"widget\" data-e-type=\"widget\" data-widget_type=\"image.default\">\n\t\t\t\t<div class=\"elementor-widget-container\">\n\t\t\t\t\t\t\t\t\t\t\t\t\t\t\t<img decoding=\"async\" width=\"110\" height=\"4\" src=\"https:\/\/www.hotel-ledonjon.com\/wp-content\/uploads\/2025\/04\/Groupe-525.svg\" class=\"attachment-full size-full wp-image-2285\" alt=\"\" title=\"\">\t\t\t\t\t\t\t\t\t\t\t\t\t\t\t<\/div>\n\t\t\t\t<\/div>\n\t\t\t\t<div class=\"elementor-element elementor-element-5334f5d elementor-widget elementor-widget-heading\" data-id=\"5334f5d\" data-element_type=\"widget\" data-e-type=\"widget\" data-widget_type=\"heading.default\">\n\t\t\t\t<div class=\"elementor-widget-container\">\n\t\t\t\t\t<h2 class=\"elementor-heading-title elementor-size-default\">La Bastide<br>Saint Louis<\/h2>\t\t\t\t<\/div>\n\t\t\t\t<\/div>\n\t\t\t\t<div class=\"elementor-element elementor-element-486f898 elementor-widget elementor-widget-heading\" data-id=\"486f898\" data-element_type=\"widget\" data-e-type=\"widget\" data-widget_type=\"heading.default\">\n\t\t\t\t<div class=\"elementor-widget-container\">\n\t\t\t\t\t<h3 class=\"elementor-heading-title elementor-size-default\">where history resonates!<\/h3>\t\t\t\t<\/div>\n\t\t\t\t<\/div>\n\t\t\t\t<\/div>\n\t\t<div class=\"elementor-element elementor-element-75e504d e-con-full e-flex e-con e-child\" data-id=\"75e504d\" data-element_type=\"container\" data-e-type=\"container\">\n\t\t\t\t<div class=\"elementor-element elementor-element-43f462f elementor-widget__width-initial elementor-widget-tablet__width-inherit elementor-widget elementor-widget-text-editor\" data-id=\"43f462f\" data-element_type=\"widget\" data-e-type=\"widget\" data-widget_type=\"text-editor.default\">\n\t\t\t\t<div class=\"elementor-widget-container\">\n\t\t\t\t\t\t\t\t\t<p>Situated below the famous medieval city, the Bastide Saint-Louis is the lively commercial heart of Carcassonne. Built in the 13th century under the reign of Saint Louis, this royal bastide is distinguished by its grid layout, typical of the new towns of the time. Its straight streets and shady squares offer an authentic atmosphere that contrasts with the medieval ambience of the Cit\u00e9.<\/p>\t\t\t\t\t\t\t\t<\/div>\n\t\t\t\t<\/div>\n\t\t\t\t<div class=\"elementor-element elementor-element-9896fb5 btn-border elementor-widget elementor-widget-button\" data-id=\"9896fb5\" data-element_type=\"widget\" data-e-type=\"widget\" data-widget_type=\"button.default\">\n\t\t\t\t<div class=\"elementor-widget-container\">\n\t\t\t\t\t\t\t\t\t<div class=\"elementor-button-wrapper\">\n\t\t\t\t\t<a class=\"elementor-button elementor-button-link elementor-size-sm\" href=\"https:\/\/www.tourisme-carcassonne.fr\/decouvrir\/la-bastide-saint-louis\/\" rel=\"nofollow noopener\" target=\"_blank\">\n\t\t\t\t\t\t<span class=\"elementor-button-content-wrapper\">\n\t\t\t\t\t\t\t\t\t<span class=\"elementor-button-text\">Discover<\/span>\n\t\t\t\t\t<\/span>\n\t\t\t\t\t<\/a>\n\t\t\t\t<\/div>\n\t\t\t\t\t\t\t\t<\/div>\n\t\t\t\t<\/div>\n\t\t\t\t<\/div>\n\t\t\t\t<\/div>\n\t\t<div class=\"elementor-element elementor-element-29bcd1e e-con-full e-flex e-con e-child\" data-id=\"29bcd1e\" data-element_type=\"container\" data-e-type=\"container\">\n\t\t<div class=\"elementor-element elementor-element-9bc1425 e-con-full e-flex e-con e-child\" data-id=\"9bc1425\" data-element_type=\"container\" data-e-type=\"container\">\n\t\t\t\t<div class=\"elementor-element elementor-element-1c6bdd5 elementor-widget__width-inherit elementor-widget elementor-widget-text-editor\" data-id=\"1c6bdd5\" data-element_type=\"widget\" data-e-type=\"widget\" data-widget_type=\"text-editor.default\">\n\t\t\t\t<div class=\"elementor-widget-container\">\n\t\t\t\t\t\t\t\t\t<p>Immerse yourself in the fascinating history of the cloth industry in Carcassonne! Although little-known today, this industry played an essential role in the town's development, contributing to its economic boom and the construction of numerous buildings in the heart of the Bastide Saint-Louis district. In the 17th century, the industry provided a livelihood for nearly 10,000 of Carcassonne's 14,000 inhabitants, thanks to the mastery of the precious skills needed to make woollen cloth. Discover this textile adventure at the Maison de la Laine et du Drap, located at 77 rue Trivalle in Carcassonne.<\/p>\t\t\t\t\t\t\t\t<\/div>\n\t\t\t\t<\/div>\n\t\t\t\t<\/div>\n\t\t<div class=\"elementor-element elementor-element-8d45f61 e-con-full e-flex e-con e-child\" data-id=\"8d45f61\" data-element_type=\"container\" data-e-type=\"container\" data-settings=\"{&quot;background_background&quot;:&quot;classic&quot;}\">\n\t\t\t\t<div class=\"elementor-element elementor-element-21e41f6 elementor-widget elementor-widget-image\" data-id=\"21e41f6\" data-element_type=\"widget\" data-e-type=\"widget\" data-widget_type=\"image.default\">\n\t\t\t\t<div class=\"elementor-widget-container\">\n\t\t\t\t\t\t\t\t\t\t\t\t\t\t\t<img decoding=\"async\" width=\"110\" height=\"4\" src=\"https:\/\/www.hotel-ledonjon.com\/wp-content\/uploads\/2025\/04\/Groupe-525.svg\" class=\"attachment-full size-full wp-image-2285\" alt=\"\" title=\"\">\t\t\t\t\t\t\t\t\t\t\t\t\t\t\t<\/div>\n\t\t\t\t<\/div>\n\t\t\t\t<div class=\"elementor-element elementor-element-786221a elementor-widget elementor-widget-heading\" data-id=\"786221a\" data-element_type=\"widget\" data-e-type=\"widget\" data-widget_type=\"heading.default\">\n\t\t\t\t<div class=\"elementor-widget-container\">\n\t\t\t\t\t<h2 class=\"elementor-heading-title elementor-size-default\">The Textile Industry <\/h2>\t\t\t\t<\/div>\n\t\t\t\t<\/div>\n\t\t\t\t<div class=\"elementor-element elementor-element-e561317 elementor-widget elementor-widget-heading\" data-id=\"e561317\" data-element_type=\"widget\" data-e-type=\"widget\" data-widget_type=\"heading.default\">\n\t\t\t\t<div class=\"elementor-widget-container\">\n\t\t\t\t\t<h3 class=\"elementor-heading-title elementor-size-default\">The House of Wool and Cloth\n<\/h3>\t\t\t\t<\/div>\n\t\t\t\t<\/div>\n\t\t\t\t<div class=\"elementor-element elementor-element-5dd35f8 elementor-absolute elementor-widget elementor-widget-image\" data-id=\"5dd35f8\" data-element_type=\"widget\" data-e-type=\"widget\" data-settings=\"{&quot;_position&quot;:&quot;absolute&quot;}\" data-widget_type=\"image.default\">\n\t\t\t\t<div class=\"elementor-widget-container\">\n\t\t\t\t\t\t\t\t\t\t\t\t\t\t\t<img fetchpriority=\"high\" decoding=\"async\" width=\"410\" height=\"1353\" src=\"https:\/\/www.hotel-ledonjon.com\/wp-content\/uploads\/2025\/04\/Groupe-998-2x.png\" class=\"attachment-full size-full wp-image-2302\" alt=\"\" srcset=\"https:\/\/www.hotel-ledonjon.com\/wp-content\/uploads\/2025\/04\/Groupe-998-2x.png 410w, https:\/\/www.hotel-ledonjon.com\/wp-content\/uploads\/2025\/04\/Groupe-998-2x-91x300.png 91w, https:\/\/www.hotel-ledonjon.com\/wp-content\/uploads\/2025\/04\/Groupe-998-2x-310x1024.png 310w, https:\/\/www.hotel-ledonjon.com\/wp-content\/uploads\/2025\/04\/Groupe-998-2x-4x12.png 4w\" sizes=\"(max-width: 410px) 100vw, 410px\" title=\"\">\t\t\t\t\t\t\t\t\t\t\t\t\t\t\t<\/div>\n\t\t\t\t<\/div>\n\t\t\t\t<div class=\"elementor-element elementor-element-9939d64 btn-border elementor-widget elementor-widget-button\" data-id=\"9939d64\" data-element_type=\"widget\" data-e-type=\"widget\" data-widget_type=\"button.default\">\n\t\t\t\t<div class=\"elementor-widget-container\">\n\t\t\t\t\t\t\t\t\t<div class=\"elementor-button-wrapper\">\n\t\t\t\t\t<a class=\"elementor-button elementor-button-link elementor-size-sm\" href=\"http:\/\/tourisme-carcassonne.fr\/decouvrir\/la-bastide-saint-louis\/indsutrie-drapiere-lainiere\/\" rel=\"nofollow noopener\" target=\"_blank\">\n\t\t\t\t\t\t<span class=\"elementor-button-content-wrapper\">\n\t\t\t\t\t\t\t\t\t<span class=\"elementor-button-text\">Find out more<\/span>\n\t\t\t\t\t<\/span>\n\t\t\t\t\t<\/a>\n\t\t\t\t<\/div>\n\t\t\t\t\t\t\t\t<\/div>\n\t\t\t\t<\/div>\n\t\t\t\t<\/div>\n\t\t\t\t<\/div>\n\t\t<div class=\"elementor-element elementor-element-d796502 e-con-full e-flex e-con e-child\" data-id=\"d796502\" data-element_type=\"container\" data-e-type=\"container\" data-settings=\"{&quot;background_background&quot;:&quot;classic&quot;}\">\n\t\t\t\t<div class=\"elementor-element elementor-element-956875b elementor-absolute elementor-widget elementor-widget-image\" data-id=\"956875b\" data-element_type=\"widget\" data-e-type=\"widget\" data-settings=\"{&quot;_position&quot;:&quot;absolute&quot;}\" data-widget_type=\"image.default\">\n\t\t\t\t<div class=\"elementor-widget-container\">\n\t\t\t\t\t\t\t\t\t\t\t\t\t\t\t<img fetchpriority=\"high\" decoding=\"async\" width=\"410\" height=\"1353\" src=\"https:\/\/www.hotel-ledonjon.com\/wp-content\/uploads\/2025\/04\/Groupe-998-2x.png\" class=\"attachment-full size-full wp-image-2302\" alt=\"\" srcset=\"https:\/\/www.hotel-ledonjon.com\/wp-content\/uploads\/2025\/04\/Groupe-998-2x.png 410w, https:\/\/www.hotel-ledonjon.com\/wp-content\/uploads\/2025\/04\/Groupe-998-2x-91x300.png 91w, https:\/\/www.hotel-ledonjon.com\/wp-content\/uploads\/2025\/04\/Groupe-998-2x-310x1024.png 310w, https:\/\/www.hotel-ledonjon.com\/wp-content\/uploads\/2025\/04\/Groupe-998-2x-4x12.png 4w\" sizes=\"(max-width: 410px) 100vw, 410px\" title=\"\">\t\t\t\t\t\t\t\t\t\t\t\t\t\t\t<\/div>\n\t\t\t\t<\/div>\n\t\t<div class=\"elementor-element elementor-element-9a55d7b e-con-full e-flex e-con e-child\" data-id=\"9a55d7b\" data-element_type=\"container\" data-e-type=\"container\" data-settings=\"{&quot;background_background&quot;:&quot;classic&quot;}\">\n\t\t\t\t<div class=\"elementor-element elementor-element-9d85372 elementor-widget elementor-widget-image\" data-id=\"9d85372\" data-element_type=\"widget\" data-e-type=\"widget\" data-widget_type=\"image.default\">\n\t\t\t\t<div class=\"elementor-widget-container\">\n\t\t\t\t\t\t\t\t\t\t\t\t\t\t\t<img decoding=\"async\" width=\"110\" height=\"4\" src=\"https:\/\/www.hotel-ledonjon.com\/wp-content\/uploads\/2025\/04\/Groupe-525.svg\" class=\"attachment-full size-full wp-image-2285\" alt=\"\" title=\"\">\t\t\t\t\t\t\t\t\t\t\t\t\t\t\t<\/div>\n\t\t\t\t<\/div>\n\t\t\t\t<div class=\"elementor-element elementor-element-4e1b529 elementor-widget elementor-widget-heading\" data-id=\"4e1b529\" data-element_type=\"widget\" data-e-type=\"widget\" data-widget_type=\"heading.default\">\n\t\t\t\t<div class=\"elementor-widget-container\">\n\t\t\t\t\t<h2 class=\"elementor-heading-title elementor-size-default\">An Art Nouveau &amp; Art Deco tour<\/h2>\t\t\t\t<\/div>\n\t\t\t\t<\/div>\n\t\t\t\t<div class=\"elementor-element elementor-element-2ae71ff elementor-widget elementor-widget-heading\" data-id=\"2ae71ff\" data-element_type=\"widget\" data-e-type=\"widget\" data-widget_type=\"heading.default\">\n\t\t\t\t<div class=\"elementor-widget-container\">\n\t\t\t\t\t<h3 class=\"elementor-heading-title elementor-size-default\">discover differently<\/h3>\t\t\t\t<\/div>\n\t\t\t\t<\/div>\n\t\t\t\t<\/div>\n\t\t<div class=\"elementor-element elementor-element-85593bc e-con-full e-flex e-con e-child\" data-id=\"85593bc\" data-element_type=\"container\" data-e-type=\"container\">\n\t\t\t\t<div class=\"elementor-element elementor-element-a99f300 elementor-widget__width-initial elementor-widget-tablet__width-inherit elementor-widget elementor-widget-text-editor\" data-id=\"a99f300\" data-element_type=\"widget\" data-e-type=\"widget\" data-widget_type=\"text-editor.default\">\n\t\t\t\t<div class=\"elementor-widget-container\">\n\t\t\t\t\t\t\t\t\t<p>Discover Art Nouveau and Art Deco in Carcassonne!<br data-start=\"72\" data-end=\"75\" \/>Bastide Saint-Louis is home to some real architectural gems. Follow a tour dedicated to these emblematic styles, admire their distinctive facades and learn to recognise their distinctive features for your next explorations. Some buildings even have QR codes: scan them and let yourself be transported back in time through an immersive video.<\/p>\t\t\t\t\t\t\t\t<\/div>\n\t\t\t\t<\/div>\n\t\t\t\t<div class=\"elementor-element elementor-element-a98c9d0 btn-border elementor-widget elementor-widget-button\" data-id=\"a98c9d0\" data-element_type=\"widget\" data-e-type=\"widget\" data-widget_type=\"button.default\">\n\t\t\t\t<div class=\"elementor-widget-container\">\n\t\t\t\t\t\t\t\t\t<div class=\"elementor-button-wrapper\">\n\t\t\t\t\t<a class=\"elementor-button elementor-button-link elementor-size-sm\" href=\"https:\/\/www.tourisme-carcassonne.fr\/toutes-les-experiences\/circuit-art-deco-art-nouveau\/\" rel=\"nofollow noopener\" target=\"_blank\">\n\t\t\t\t\t\t<span class=\"elementor-button-content-wrapper\">\n\t\t\t\t\t\t\t\t\t<span class=\"elementor-button-text\">Discover<\/span>\n\t\t\t\t\t<\/span>\n\t\t\t\t\t<\/a>\n\t\t\t\t<\/div>\n\t\t\t\t\t\t\t\t<\/div>\n\t\t\t\t<\/div>\n\t\t\t\t<\/div>\n\t\t\t\t<\/div>\n\t\t<div class=\"elementor-element elementor-element-49fd749 e-con-full e-flex e-con e-child\" data-id=\"49fd749\" data-element_type=\"container\" data-e-type=\"container\">\n\t\t<div class=\"elementor-element elementor-element-92f2c2e e-con-full e-flex e-con e-child\" data-id=\"92f2c2e\" data-element_type=\"container\" data-e-type=\"container\">\n\t\t\t\t<div class=\"elementor-element elementor-element-def0740 elementor-widget__width-inherit elementor-widget elementor-widget-text-editor\" data-id=\"def0740\" data-element_type=\"widget\" data-e-type=\"widget\" data-widget_type=\"text-editor.default\">\n\t\t\t\t<div class=\"elementor-widget-container\">\n\t\t\t\t\t\t\t\t\t<p class=\"\" data-start=\"53\" data-end=\"340\">At the port of the Canal du Midi in Carcassonne, let yourself be surprised by a barge transformed into a veritable masterpiece by internationally renowned artist Speedy Graphito. This colourful fresco, visible all year round, is the perfect opportunity to capture your best photos.<\/p><p data-start=\"53\" data-end=\"340\">\u00a0<\/p><p class=\"\" data-start=\"387\" data-end=\"821\">Come aboard<strong data-start=\"406\" data-end=\"423\">Europ'Odyss\u00e9e<\/strong>the street art barge that plunges you into the fascinating history of the Canal du Midi. Open your eyes and ears wide: the visionary minds that shaped this legendary waterway could well reveal its secrets to you through a fun and historic immersion. Here, the walls tell stories, the elements come to life and time stands still... An unforgettable experience awaits you!<\/p>\t\t\t\t\t\t\t\t<\/div>\n\t\t\t\t<\/div>\n\t\t\t\t<div class=\"elementor-element elementor-element-254cdcd btn-border elementor-widget elementor-widget-button\" data-id=\"254cdcd\" data-element_type=\"widget\" data-e-type=\"widget\" data-widget_type=\"button.default\">\n\t\t\t\t<div class=\"elementor-widget-container\">\n\t\t\t\t\t\t\t\t\t<div class=\"elementor-button-wrapper\">\n\t\t\t\t\t<a class=\"elementor-button elementor-button-link elementor-size-sm\" href=\"https:\/\/www.tourisme-carcassonne.fr\/decouvrir\/le-canal-du-midi\/\" rel=\"nofollow noopener\" target=\"_blank\">\n\t\t\t\t\t\t<span class=\"elementor-button-content-wrapper\">\n\t\t\t\t\t\t\t\t\t<span class=\"elementor-button-text\">Find out more<\/span>\n\t\t\t\t\t<\/span>\n\t\t\t\t\t<\/a>\n\t\t\t\t<\/div>\n\t\t\t\t\t\t\t\t<\/div>\n\t\t\t\t<\/div>\n\t\t\t\t<\/div>\n\t\t<div class=\"elementor-element elementor-element-9084eed e-con-full e-flex e-con e-child\" data-id=\"9084eed\" data-element_type=\"container\" data-e-type=\"container\" data-settings=\"{&quot;background_background&quot;:&quot;classic&quot;}\">\n\t\t\t\t<div class=\"elementor-element elementor-element-108c6eb elementor-widget elementor-widget-image\" data-id=\"108c6eb\" data-element_type=\"widget\" data-e-type=\"widget\" data-widget_type=\"image.default\">\n\t\t\t\t<div class=\"elementor-widget-container\">\n\t\t\t\t\t\t\t\t\t\t\t\t\t\t\t<img decoding=\"async\" width=\"110\" height=\"4\" src=\"https:\/\/www.hotel-ledonjon.com\/wp-content\/uploads\/2025\/04\/Groupe-525.svg\" class=\"attachment-full size-full wp-image-2285\" alt=\"\" title=\"\">\t\t\t\t\t\t\t\t\t\t\t\t\t\t\t<\/div>\n\t\t\t\t<\/div>\n\t\t\t\t<div class=\"elementor-element elementor-element-ce1d908 elementor-widget elementor-widget-heading\" data-id=\"ce1d908\" data-element_type=\"widget\" data-e-type=\"widget\" data-widget_type=\"heading.default\">\n\t\t\t\t<div class=\"elementor-widget-container\">\n\t\t\t\t\t<h2 class=\"elementor-heading-title elementor-size-default\">A street art barge<\/h2>\t\t\t\t<\/div>\n\t\t\t\t<\/div>\n\t\t\t\t<div class=\"elementor-element elementor-element-ad0e0ae elementor-widget elementor-widget-heading\" data-id=\"ad0e0ae\" data-element_type=\"widget\" data-e-type=\"widget\" data-widget_type=\"heading.default\">\n\t\t\t\t<div class=\"elementor-widget-container\">\n\t\t\t\t\t<h3 class=\"elementor-heading-title elementor-size-default\">The Floating Museum: the Canal Odyssey<\/h3>\t\t\t\t<\/div>\n\t\t\t\t<\/div>\n\t\t\t\t<div class=\"elementor-element elementor-element-250cb88 elementor-absolute elementor-widget elementor-widget-image\" data-id=\"250cb88\" data-element_type=\"widget\" data-e-type=\"widget\" data-settings=\"{&quot;_position&quot;:&quot;absolute&quot;}\" data-widget_type=\"image.default\">\n\t\t\t\t<div class=\"elementor-widget-container\">\n\t\t\t\t\t\t\t\t\t\t\t\t\t\t\t<img fetchpriority=\"high\" decoding=\"async\" width=\"410\" height=\"1353\" src=\"https:\/\/www.hotel-ledonjon.com\/wp-content\/uploads\/2025\/04\/Groupe-998-2x.png\" class=\"attachment-full size-full wp-image-2302\" alt=\"\" srcset=\"https:\/\/www.hotel-ledonjon.com\/wp-content\/uploads\/2025\/04\/Groupe-998-2x.png 410w, https:\/\/www.hotel-ledonjon.com\/wp-content\/uploads\/2025\/04\/Groupe-998-2x-91x300.png 91w, https:\/\/www.hotel-ledonjon.com\/wp-content\/uploads\/2025\/04\/Groupe-998-2x-310x1024.png 310w, https:\/\/www.hotel-ledonjon.com\/wp-content\/uploads\/2025\/04\/Groupe-998-2x-4x12.png 4w\" sizes=\"(max-width: 410px) 100vw, 410px\" title=\"\">\t\t\t\t\t\t\t\t\t\t\t\t\t\t\t<\/div>\n\t\t\t\t<\/div>\n\t\t\t\t<\/div>\n\t\t\t\t<\/div>\n\t\t\t\t\t<\/div>\n\t\t\t\t<\/div>\n\t\t<div class=\"elementor-element elementor-element-b4c2619 e-flex e-con-boxed e-con e-parent\" data-id=\"b4c2619\" data-element_type=\"container\" data-e-type=\"container\">\n\t\t\t\t\t<div class=\"e-con-inner\">\n\t\t<div class=\"elementor-element elementor-element-ca5bf47 e-con-full e-flex e-con e-child\" data-id=\"ca5bf47\" data-element_type=\"container\" data-e-type=\"container\">\n\t\t\t\t<div class=\"elementor-element elementor-element-fc9f830 elementor-widget elementor-widget-image\" data-id=\"fc9f830\" data-element_type=\"widget\" data-e-type=\"widget\" data-widget_type=\"image.default\">\n\t\t\t\t<div class=\"elementor-widget-container\">\n\t\t\t\t\t\t\t\t\t\t\t\t\t\t\t<img decoding=\"async\" width=\"110\" height=\"4\" src=\"https:\/\/www.hotel-ledonjon.com\/wp-content\/uploads\/2024\/02\/Groupe-525.svg\" class=\"attachment-full size-full wp-image-220\" alt=\"\" title=\"\">\t\t\t\t\t\t\t\t\t\t\t\t\t\t\t<\/div>\n\t\t\t\t<\/div>\n\t\t\t\t<div class=\"elementor-element elementor-element-d84d1dd elementor-widget elementor-widget-heading\" data-id=\"d84d1dd\" data-element_type=\"widget\" data-e-type=\"widget\" data-widget_type=\"heading.default\">\n\t\t\t\t<div class=\"elementor-widget-container\">\n\t\t\t\t\t<h2 class=\"elementor-heading-title elementor-size-default\">The activities map<\/h2>\t\t\t\t<\/div>\n\t\t\t\t<\/div>\n\t\t\t\t<\/div>\n\t\t<div class=\"elementor-element elementor-element-6dfa7be e-con-full e-flex e-con e-child\" data-id=\"6dfa7be\" data-element_type=\"container\" data-e-type=\"container\">\n\t\t\t\t<div class=\"elementor-element elementor-element-3b4f8e2 elementor-widget elementor-widget-google_maps\" data-id=\"3b4f8e2\" data-element_type=\"widget\" data-e-type=\"widget\" data-widget_type=\"google_maps.default\">\n\t\t\t\t<div class=\"elementor-widget-container\">\n\t\t\t\t\t\t\t<div class=\"elementor-custom-embed\">\n\t\t\t<iframe loading=\"lazy\"\n\t\t\t\t\tsrc=\"https:\/\/maps.google.com\/maps?q=Carcassonne%20Cit%C3%A9%20M%C3%A9di%C3%A9vale&#038;t=m&#038;z=13&#038;output=embed&#038;iwloc=near\"\n\t\t\t\t\ttitle=\"Carcassonne Medieval City\"\n\t\t\t\t\taria-label=\"Carcassonne Medieval City\"\n\t\t\t><\/iframe>\n\t\t<\/div>\n\t\t\t\t\t\t<\/div>\n\t\t\t\t<\/div>\n\t\t\t\t<\/div>\n\t\t\t\t\t<\/div>\n\t\t\t\t<\/div>\n\t\t\t\t<\/div>","protected":false},"excerpt":{"rendered":"<p>Activit\u00e9s Les diff\u00e9rentes visites dans la Bastide saint louis et autour La BastideSaint Louis l\u00e0 o\u00f9 l\u2019histoire r\u00e9sonne ! Situ\u00e9e en contrebas de la c\u00e9l\u00e8bre Cit\u00e9 M\u00e9di\u00e9vale, la Bastide Saint-Louis est le c\u0153ur vivant et commer\u00e7ant de Carcassonne. Construite au XIIIe si\u00e8cle sous le r\u00e8gne de Saint Louis, cette bastide royale se distingue par son [&hellip;]<\/p>\n","protected":false},"author":12,"featured_media":2292,"parent":85,"menu_order":0,"comment_status":"closed","ping_status":"closed","template":"","meta":{"inline_featured_image":false,"footnotes":""},"class_list":["post-89","page","type-page","status-publish","has-post-thumbnail","hentry"],"_links":{"self":[{"href":"https:\/\/www.hotel-ledonjon.com\/en\/wp-json\/wp\/v2\/pages\/89","targetHints":{"allow":["GET"]}}],"collection":[{"href":"https:\/\/www.hotel-ledonjon.com\/en\/wp-json\/wp\/v2\/pages"}],"about":[{"href":"https:\/\/www.hotel-ledonjon.com\/en\/wp-json\/wp\/v2\/types\/page"}],"author":[{"embeddable":true,"href":"https:\/\/www.hotel-ledonjon.com\/en\/wp-json\/wp\/v2\/users\/12"}],"replies":[{"embeddable":true,"href":"https:\/\/www.hotel-ledonjon.com\/en\/wp-json\/wp\/v2\/comments?post=89"}],"version-history":[{"count":29,"href":"https:\/\/www.hotel-ledonjon.com\/en\/wp-json\/wp\/v2\/pages\/89\/revisions"}],"predecessor-version":[{"id":2323,"href":"https:\/\/www.hotel-ledonjon.com\/en\/wp-json\/wp\/v2\/pages\/89\/revisions\/2323"}],"up":[{"embeddable":true,"href":"https:\/\/www.hotel-ledonjon.com\/en\/wp-json\/wp\/v2\/pages\/85"}],"wp:featuredmedia":[{"embeddable":true,"href":"https:\/\/www.hotel-ledonjon.com\/en\/wp-json\/wp\/v2\/media\/2292"}],"wp:attachment":[{"href":"https:\/\/www.hotel-ledonjon.com\/en\/wp-json\/wp\/v2\/media?parent=89"}],"curies":[{"name":"wp","href":"https:\/\/api.w.org\/{rel}","templated":true}]}}