{"id":87,"date":"2024-02-14T10:56:49","date_gmt":"2024-02-14T09:56:49","guid":{"rendered":"https:\/\/www.hotel-ledonjon.com\/?page_id=87"},"modified":"2025-04-22T15:43:26","modified_gmt":"2025-04-22T13:43:26","slug":"que-visitar-en-carcasona","status":"publish","type":"page","link":"https:\/\/www.hotel-ledonjon.com\/es\/tourisme-visiter-carcassonne\/que-visiter-a-carcassonne\/","title":{"rendered":"Ciudad medieval"},"content":{"rendered":"<div data-elementor-type=\"wp-page\" data-elementor-id=\"87\" class=\"elementor elementor-87\" data-elementor-post-type=\"page\">\n\t\t\t\t<div class=\"elementor-element elementor-element-99b8ac7 e-flex e-con-boxed e-con e-parent\" data-id=\"99b8ac7\" data-element_type=\"container\" data-e-type=\"container\" data-settings=\"{&quot;background_background&quot;:&quot;classic&quot;}\">\n\t\t\t\t\t<div class=\"e-con-inner\">\n\t\t<div class=\"elementor-element elementor-element-811a36f e-flex e-con-boxed e-con e-child\" data-id=\"811a36f\" data-element_type=\"container\" data-e-type=\"container\">\n\t\t\t\t\t<div class=\"e-con-inner\">\n\t\t\t\t<div class=\"elementor-element elementor-element-e8645cd elementor-widget elementor-widget-heading\" data-id=\"e8645cd\" data-element_type=\"widget\" data-e-type=\"widget\" data-widget_type=\"heading.default\">\n\t\t\t\t<div class=\"elementor-widget-container\">\n\t\t\t\t\t<h1 class=\"elementor-heading-title elementor-size-default\">Visitas<\/h1>\t\t\t\t<\/div>\n\t\t\t\t<\/div>\n\t\t\t\t\t<\/div>\n\t\t\t\t<\/div>\n\t\t\t\t\t<\/div>\n\t\t\t\t<\/div>\n\t\t<div class=\"elementor-element elementor-element-7f13e20 e-flex e-con-boxed e-con e-parent\" data-id=\"7f13e20\" data-element_type=\"container\" data-e-type=\"container\" data-settings=\"{&quot;background_background&quot;:&quot;classic&quot;}\">\n\t\t\t\t\t<div class=\"e-con-inner\">\n\t\t\t\t<div class=\"elementor-element elementor-element-b42eb67 elementor-widget elementor-widget-image\" data-id=\"b42eb67\" data-element_type=\"widget\" data-e-type=\"widget\" data-widget_type=\"image.default\">\n\t\t\t\t<div class=\"elementor-widget-container\">\n\t\t\t\t\t\t\t\t\t\t\t\t\t\t\t<img decoding=\"async\" width=\"110\" height=\"4\" src=\"https:\/\/www.hotel-ledonjon.com\/wp-content\/uploads\/2025\/04\/Groupe-525.svg\" class=\"attachment-full size-full wp-image-2285\" alt=\"\" title=\"\">\t\t\t\t\t\t\t\t\t\t\t\t\t\t\t<\/div>\n\t\t\t\t<\/div>\n\t\t\t\t<div class=\"elementor-element elementor-element-6dd4d54 elementor-widget elementor-widget-heading\" data-id=\"6dd4d54\" data-element_type=\"widget\" data-e-type=\"widget\" data-widget_type=\"heading.default\">\n\t\t\t\t<div class=\"elementor-widget-container\">\n\t\t\t\t\t<h2 class=\"elementor-heading-title elementor-size-default\">Las diferentes visitas<\/h2>\t\t\t\t<\/div>\n\t\t\t\t<\/div>\n\t\t\t\t<div class=\"elementor-element elementor-element-63a2d77 elementor-widget elementor-widget-heading\" data-id=\"63a2d77\" data-element_type=\"widget\" data-e-type=\"widget\" data-widget_type=\"heading.default\">\n\t\t\t\t<div class=\"elementor-widget-container\">\n\t\t\t\t\t<h3 class=\"elementor-heading-title elementor-size-default\">en la ciudad medieval<\/h3>\t\t\t\t<\/div>\n\t\t\t\t<\/div>\n\t\t<div class=\"elementor-element elementor-element-b691e57 e-con-full e-flex e-con e-child\" data-id=\"b691e57\" data-element_type=\"container\" data-e-type=\"container\" data-settings=\"{&quot;background_background&quot;:&quot;classic&quot;}\">\n\t\t\t\t<div class=\"elementor-element elementor-element-922b708 elementor-absolute elementor-widget elementor-widget-image\" data-id=\"922b708\" data-element_type=\"widget\" data-e-type=\"widget\" data-settings=\"{&quot;_position&quot;:&quot;absolute&quot;}\" data-widget_type=\"image.default\">\n\t\t\t\t<div class=\"elementor-widget-container\">\n\t\t\t\t\t\t\t\t\t\t\t\t\t\t\t<img fetchpriority=\"high\" decoding=\"async\" width=\"410\" height=\"1353\" src=\"https:\/\/www.hotel-ledonjon.com\/wp-content\/uploads\/2025\/04\/Groupe-998-2x.png\" class=\"attachment-full size-full wp-image-2302\" alt=\"\" srcset=\"https:\/\/www.hotel-ledonjon.com\/wp-content\/uploads\/2025\/04\/Groupe-998-2x.png 410w, https:\/\/www.hotel-ledonjon.com\/wp-content\/uploads\/2025\/04\/Groupe-998-2x-91x300.png 91w, https:\/\/www.hotel-ledonjon.com\/wp-content\/uploads\/2025\/04\/Groupe-998-2x-310x1024.png 310w, https:\/\/www.hotel-ledonjon.com\/wp-content\/uploads\/2025\/04\/Groupe-998-2x-4x12.png 4w\" sizes=\"(max-width: 410px) 100vw, 410px\" title=\"\">\t\t\t\t\t\t\t\t\t\t\t\t\t\t\t<\/div>\n\t\t\t\t<\/div>\n\t\t<div class=\"elementor-element elementor-element-0393c04 e-con-full e-flex e-con e-child\" data-id=\"0393c04\" data-element_type=\"container\" data-e-type=\"container\" data-settings=\"{&quot;background_background&quot;:&quot;classic&quot;}\">\n\t\t\t\t<div class=\"elementor-element elementor-element-fff5e8d elementor-widget elementor-widget-image\" data-id=\"fff5e8d\" data-element_type=\"widget\" data-e-type=\"widget\" data-widget_type=\"image.default\">\n\t\t\t\t<div class=\"elementor-widget-container\">\n\t\t\t\t\t\t\t\t\t\t\t\t\t\t\t<img decoding=\"async\" width=\"110\" height=\"4\" src=\"https:\/\/www.hotel-ledonjon.com\/wp-content\/uploads\/2025\/04\/Groupe-525.svg\" class=\"attachment-full size-full wp-image-2285\" alt=\"\" title=\"\">\t\t\t\t\t\t\t\t\t\t\t\t\t\t\t<\/div>\n\t\t\t\t<\/div>\n\t\t\t\t<div class=\"elementor-element elementor-element-7971db0 elementor-widget elementor-widget-heading\" data-id=\"7971db0\" data-element_type=\"widget\" data-e-type=\"widget\" data-widget_type=\"heading.default\">\n\t\t\t\t<div class=\"elementor-widget-container\">\n\t\t\t\t\t<h2 class=\"elementor-heading-title elementor-size-default\">La ciudad de Carcasona<\/h2>\t\t\t\t<\/div>\n\t\t\t\t<\/div>\n\t\t\t\t<div class=\"elementor-element elementor-element-8347f40 elementor-widget elementor-widget-heading\" data-id=\"8347f40\" data-element_type=\"widget\" data-e-type=\"widget\" data-widget_type=\"heading.default\">\n\t\t\t\t<div class=\"elementor-widget-container\">\n\t\t\t\t\t<h3 class=\"elementor-heading-title elementor-size-default\">donde la historia resuena<\/h3>\t\t\t\t<\/div>\n\t\t\t\t<\/div>\n\t\t\t\t<div class=\"elementor-element elementor-element-670beb3 btn-border elementor-widget elementor-widget-button\" data-id=\"670beb3\" data-element_type=\"widget\" data-e-type=\"widget\" data-widget_type=\"button.default\">\n\t\t\t\t<div class=\"elementor-widget-container\">\n\t\t\t\t\t\t\t\t\t<div class=\"elementor-button-wrapper\">\n\t\t\t\t\t<a class=\"elementor-button elementor-button-link elementor-size-sm\" href=\"https:\/\/reservation.tourisme-carcassonne.fr\/visites-guidees.html\" rel=\"nofollow noopener\" target=\"_blank\">\n\t\t\t\t\t\t<span class=\"elementor-button-content-wrapper\">\n\t\t\t\t\t\t\t\t\t<span class=\"elementor-button-text\">M\u00e1s informaci\u00f3n<\/span>\n\t\t\t\t\t<\/span>\n\t\t\t\t\t<\/a>\n\t\t\t\t<\/div>\n\t\t\t\t\t\t\t\t<\/div>\n\t\t\t\t<\/div>\n\t\t\t\t<\/div>\n\t\t<div class=\"elementor-element elementor-element-d151ee6 e-con-full e-flex e-con e-child\" data-id=\"d151ee6\" data-element_type=\"container\" data-e-type=\"container\">\n\t\t\t\t<div class=\"elementor-element elementor-element-610d4ba elementor-widget__width-initial elementor-widget-tablet__width-inherit elementor-widget elementor-widget-text-editor\" data-id=\"610d4ba\" data-element_type=\"widget\" data-e-type=\"widget\" data-widget_type=\"text-editor.default\">\n\t\t\t\t<div class=\"elementor-widget-container\">\n\t\t\t\t\t\t\t\t\t<p>Visitar Carcasona es como hacer un viaje en el tiempo, hasta 2.500 a\u00f1os atr\u00e1s. Enclavada en lo alto de una colina, la Cit\u00e9 medieval domina toda la ciudad y se erige como uno de los conjuntos medievales mejor conservados del mundo. Venga a descubrir esta joya de nuestra historia y pasee por sus encantadoras calles empedradas. Es un aut\u00e9ntico viaje de inmersi\u00f3n a la Edad Media.<\/p><p>\u00a0<\/p><p>Para vivir una experiencia \u00fanica, participe en la visita guiada nocturna de la ciudad medieval con linternas. Por la noche, los secretos y la historia de las impresionantes murallas se revelan bajo una luz totalmente nueva. Siga a su gu\u00eda, linterna en mano, y d\u00e9jese hechizar por la atm\u00f3sfera m\u00edstica de esta antigua ciudad.<\/p>\t\t\t\t\t\t\t\t<\/div>\n\t\t\t\t<\/div>\n\t\t\t\t<\/div>\n\t\t\t\t<\/div>\n\t\t<div class=\"elementor-element elementor-element-e721bea e-con-full e-flex e-con e-child\" data-id=\"e721bea\" data-element_type=\"container\" data-e-type=\"container\">\n\t\t<div class=\"elementor-element elementor-element-de39dcb e-con-full e-flex e-con e-child\" data-id=\"de39dcb\" data-element_type=\"container\" data-e-type=\"container\">\n\t\t\t\t<div class=\"elementor-element elementor-element-ed5b05a elementor-widget__width-inherit elementor-widget elementor-widget-text-editor\" data-id=\"ed5b05a\" data-element_type=\"widget\" data-e-type=\"widget\" data-widget_type=\"text-editor.default\">\n\t\t\t\t<div class=\"elementor-widget-container\">\n\t\t\t\t\t\t\t\t\t<p>El castillo Comtal, declarado Patrimonio Mundial por la UNESCO, es el centro de la ciudad. Las primeras piedras de este edificio se colocaron en 1130, y su fisonom\u00eda cambi\u00f3 a lo largo de los a\u00f1os, con sucesivas fortificaciones. Fue en el siglo XIII cuando el antiguo palacio de Trencavel se convirti\u00f3 en ch\u00e2teau comtal.\u00a0<\/p><p>Abandonado entre los siglos XVII y XIX, el castillo ha recuperado su antiguo esplendor. Se organizan numerosas visitas para conocer mejor el edificio y el papel que desempe\u00f1\u00f3 en la historia de Francia.<\/p>\t\t\t\t\t\t\t\t<\/div>\n\t\t\t\t<\/div>\n\t\t\t\t<div class=\"elementor-element elementor-element-baf7d51 btn-border elementor-widget elementor-widget-button\" data-id=\"baf7d51\" data-element_type=\"widget\" data-e-type=\"widget\" data-widget_type=\"button.default\">\n\t\t\t\t<div class=\"elementor-widget-container\">\n\t\t\t\t\t\t\t\t\t<div class=\"elementor-button-wrapper\">\n\t\t\t\t\t<a class=\"elementor-button elementor-button-link elementor-size-sm\" href=\"https:\/\/www.remparts-carcassonne.fr\/\" rel=\"nofollow noopener\" target=\"_blank\">\n\t\t\t\t\t\t<span class=\"elementor-button-content-wrapper\">\n\t\t\t\t\t\t\t\t\t<span class=\"elementor-button-text\">M\u00e1s informaci\u00f3n<\/span>\n\t\t\t\t\t<\/span>\n\t\t\t\t\t<\/a>\n\t\t\t\t<\/div>\n\t\t\t\t\t\t\t\t<\/div>\n\t\t\t\t<\/div>\n\t\t\t\t<\/div>\n\t\t<div class=\"elementor-element elementor-element-8c92bfb e-con-full e-flex e-con e-child\" data-id=\"8c92bfb\" data-element_type=\"container\" data-e-type=\"container\" data-settings=\"{&quot;background_background&quot;:&quot;classic&quot;}\">\n\t\t\t\t<div class=\"elementor-element elementor-element-346d5a0 elementor-widget elementor-widget-image\" data-id=\"346d5a0\" data-element_type=\"widget\" data-e-type=\"widget\" data-widget_type=\"image.default\">\n\t\t\t\t<div class=\"elementor-widget-container\">\n\t\t\t\t\t\t\t\t\t\t\t\t\t\t\t<img decoding=\"async\" width=\"110\" height=\"4\" src=\"https:\/\/www.hotel-ledonjon.com\/wp-content\/uploads\/2025\/04\/Groupe-525.svg\" class=\"attachment-full size-full wp-image-2285\" alt=\"\" title=\"\">\t\t\t\t\t\t\t\t\t\t\t\t\t\t\t<\/div>\n\t\t\t\t<\/div>\n\t\t\t\t<div class=\"elementor-element elementor-element-4f634de elementor-widget elementor-widget-heading\" data-id=\"4f634de\" data-element_type=\"widget\" data-e-type=\"widget\" data-widget_type=\"heading.default\">\n\t\t\t\t<div class=\"elementor-widget-container\">\n\t\t\t\t\t<h2 class=\"elementor-heading-title elementor-size-default\">El Ch\u00e2teau Comtal <\/h2>\t\t\t\t<\/div>\n\t\t\t\t<\/div>\n\t\t\t\t<div class=\"elementor-element elementor-element-a921c3a elementor-widget elementor-widget-heading\" data-id=\"a921c3a\" data-element_type=\"widget\" data-e-type=\"widget\" data-widget_type=\"heading.default\">\n\t\t\t\t<div class=\"elementor-widget-container\">\n\t\t\t\t\t<h3 class=\"elementor-heading-title elementor-size-default\">En el coraz\u00f3n de la ciudad<\/h3>\t\t\t\t<\/div>\n\t\t\t\t<\/div>\n\t\t\t\t<div class=\"elementor-element elementor-element-8c2688d elementor-absolute elementor-widget elementor-widget-image\" data-id=\"8c2688d\" data-element_type=\"widget\" data-e-type=\"widget\" data-settings=\"{&quot;_position&quot;:&quot;absolute&quot;}\" data-widget_type=\"image.default\">\n\t\t\t\t<div class=\"elementor-widget-container\">\n\t\t\t\t\t\t\t\t\t\t\t\t\t\t\t<img fetchpriority=\"high\" decoding=\"async\" width=\"410\" height=\"1353\" src=\"https:\/\/www.hotel-ledonjon.com\/wp-content\/uploads\/2025\/04\/Groupe-998-2x.png\" class=\"attachment-full size-full wp-image-2302\" alt=\"\" srcset=\"https:\/\/www.hotel-ledonjon.com\/wp-content\/uploads\/2025\/04\/Groupe-998-2x.png 410w, https:\/\/www.hotel-ledonjon.com\/wp-content\/uploads\/2025\/04\/Groupe-998-2x-91x300.png 91w, https:\/\/www.hotel-ledonjon.com\/wp-content\/uploads\/2025\/04\/Groupe-998-2x-310x1024.png 310w, https:\/\/www.hotel-ledonjon.com\/wp-content\/uploads\/2025\/04\/Groupe-998-2x-4x12.png 4w\" sizes=\"(max-width: 410px) 100vw, 410px\" title=\"\">\t\t\t\t\t\t\t\t\t\t\t\t\t\t\t<\/div>\n\t\t\t\t<\/div>\n\t\t\t\t<\/div>\n\t\t\t\t<\/div>\n\t\t<div class=\"elementor-element elementor-element-618d608 e-con-full e-flex e-con e-child\" data-id=\"618d608\" data-element_type=\"container\" data-e-type=\"container\" data-settings=\"{&quot;background_background&quot;:&quot;classic&quot;}\">\n\t\t\t\t<div class=\"elementor-element elementor-element-c5cc9a5 elementor-absolute elementor-widget elementor-widget-image\" data-id=\"c5cc9a5\" data-element_type=\"widget\" data-e-type=\"widget\" data-settings=\"{&quot;_position&quot;:&quot;absolute&quot;}\" data-widget_type=\"image.default\">\n\t\t\t\t<div class=\"elementor-widget-container\">\n\t\t\t\t\t\t\t\t\t\t\t\t\t\t\t<img fetchpriority=\"high\" decoding=\"async\" width=\"410\" height=\"1353\" src=\"https:\/\/www.hotel-ledonjon.com\/wp-content\/uploads\/2025\/04\/Groupe-998-2x.png\" class=\"attachment-full size-full wp-image-2302\" alt=\"\" srcset=\"https:\/\/www.hotel-ledonjon.com\/wp-content\/uploads\/2025\/04\/Groupe-998-2x.png 410w, https:\/\/www.hotel-ledonjon.com\/wp-content\/uploads\/2025\/04\/Groupe-998-2x-91x300.png 91w, https:\/\/www.hotel-ledonjon.com\/wp-content\/uploads\/2025\/04\/Groupe-998-2x-310x1024.png 310w, https:\/\/www.hotel-ledonjon.com\/wp-content\/uploads\/2025\/04\/Groupe-998-2x-4x12.png 4w\" sizes=\"(max-width: 410px) 100vw, 410px\" title=\"\">\t\t\t\t\t\t\t\t\t\t\t\t\t\t\t<\/div>\n\t\t\t\t<\/div>\n\t\t<div class=\"elementor-element elementor-element-a618b40 e-con-full e-flex e-con e-child\" data-id=\"a618b40\" data-element_type=\"container\" data-e-type=\"container\" data-settings=\"{&quot;background_background&quot;:&quot;classic&quot;}\">\n\t\t\t\t<div class=\"elementor-element elementor-element-10e7f4e elementor-widget elementor-widget-image\" data-id=\"10e7f4e\" data-element_type=\"widget\" data-e-type=\"widget\" data-widget_type=\"image.default\">\n\t\t\t\t<div class=\"elementor-widget-container\">\n\t\t\t\t\t\t\t\t\t\t\t\t\t\t\t<img decoding=\"async\" width=\"110\" height=\"4\" src=\"https:\/\/www.hotel-ledonjon.com\/wp-content\/uploads\/2025\/04\/Groupe-525.svg\" class=\"attachment-full size-full wp-image-2285\" alt=\"\" title=\"\">\t\t\t\t\t\t\t\t\t\t\t\t\t\t\t<\/div>\n\t\t\t\t<\/div>\n\t\t\t\t<div class=\"elementor-element elementor-element-c6bcf4e elementor-widget elementor-widget-heading\" data-id=\"c6bcf4e\" data-element_type=\"widget\" data-e-type=\"widget\" data-widget_type=\"heading.default\">\n\t\t\t\t<div class=\"elementor-widget-container\">\n\t\t\t\t\t<h2 class=\"elementor-heading-title elementor-size-default\">El campamento medieval<\/h2>\t\t\t\t<\/div>\n\t\t\t\t<\/div>\n\t\t\t\t<div class=\"elementor-element elementor-element-4e43773 elementor-widget elementor-widget-heading\" data-id=\"4e43773\" data-element_type=\"widget\" data-e-type=\"widget\" data-widget_type=\"heading.default\">\n\t\t\t\t<div class=\"elementor-widget-container\">\n\t\t\t\t\t<h3 class=\"elementor-heading-title elementor-size-default\">Situado en el coraz\u00f3n de mi ciudad<\/h3>\t\t\t\t<\/div>\n\t\t\t\t<\/div>\n\t\t\t\t<div class=\"elementor-element elementor-element-1494753 btn-border elementor-widget elementor-widget-button\" data-id=\"1494753\" data-element_type=\"widget\" data-e-type=\"widget\" data-widget_type=\"button.default\">\n\t\t\t\t<div class=\"elementor-widget-container\">\n\t\t\t\t\t\t\t\t\t<div class=\"elementor-button-wrapper\">\n\t\t\t\t\t<a class=\"elementor-button elementor-button-link elementor-size-sm\" href=\"https:\/\/www.tourisme-carcassonne.fr\/toutes-les-experiences\/camp-medieval\/\" rel=\"nofollow noopener\" target=\"_blank\">\n\t\t\t\t\t\t<span class=\"elementor-button-content-wrapper\">\n\t\t\t\t\t\t\t\t\t<span class=\"elementor-button-text\">M\u00e1s informaci\u00f3n<\/span>\n\t\t\t\t\t<\/span>\n\t\t\t\t\t<\/a>\n\t\t\t\t<\/div>\n\t\t\t\t\t\t\t\t<\/div>\n\t\t\t\t<\/div>\n\t\t\t\t<\/div>\n\t\t<div class=\"elementor-element elementor-element-27a256f e-con-full e-flex e-con e-child\" data-id=\"27a256f\" data-element_type=\"container\" data-e-type=\"container\">\n\t\t\t\t<div class=\"elementor-element elementor-element-e1afafa elementor-widget__width-initial elementor-widget-tablet__width-inherit elementor-widget elementor-widget-text-editor\" data-id=\"e1afafa\" data-element_type=\"widget\" data-e-type=\"widget\" data-widget_type=\"text-editor.default\">\n\t\t\t\t<div class=\"elementor-widget-container\">\n\t\t\t\t\t\t\t\t\t<p class=\"\" data-start=\"0\" data-end=\"308\">Sum\u00e9rjase en el coraz\u00f3n de la ciudad medieval de Carcasona y descubra un aut\u00e9ntico campamento medieval, que recrea la vida de un se\u00f1or que viaja para reunirse con sus s\u00fabditos. Este entorno inmersivo ofrece eventos hist\u00f3ricos, talleres educativos y demostraciones de artes medievales.<\/p><p class=\"\" data-start=\"310\" data-end=\"627\">No se pierda los Ateliers M\u00e9di\u00e9vaux, organizados todos los mi\u00e9rcoles, fines de semana y todos los d\u00edas durante las vacaciones escolares. Ideal para ni\u00f1os de 6 a 11 a\u00f1os, este evento les introduce en los oficios y habilidades de la Edad Media de una manera divertida y educativa.<\/p><p class=\"\" data-start=\"629\" data-end=\"799\">Traiga a toda la familia y explore el fascinante mundo de la Edad Media en la Cit\u00e9 de Carcassonne, una visita obligada para los amantes de la historia y el patrimonio.<\/p>\t\t\t\t\t\t\t\t<\/div>\n\t\t\t\t<\/div>\n\t\t\t\t<\/div>\n\t\t\t\t<\/div>\n\t\t\t\t\t<\/div>\n\t\t\t\t<\/div>\n\t\t<div class=\"elementor-element elementor-element-6697909 e-flex e-con-boxed e-con e-parent\" data-id=\"6697909\" data-element_type=\"container\" data-e-type=\"container\">\n\t\t\t\t\t<div class=\"e-con-inner\">\n\t\t<div class=\"elementor-element elementor-element-f25aeab e-con-full e-flex e-con e-child\" data-id=\"f25aeab\" data-element_type=\"container\" data-e-type=\"container\">\n\t\t\t\t<div class=\"elementor-element elementor-element-3d83b95 elementor-widget elementor-widget-image\" data-id=\"3d83b95\" data-element_type=\"widget\" data-e-type=\"widget\" data-widget_type=\"image.default\">\n\t\t\t\t<div class=\"elementor-widget-container\">\n\t\t\t\t\t\t\t\t\t\t\t\t\t\t\t<img decoding=\"async\" width=\"110\" height=\"4\" src=\"https:\/\/www.hotel-ledonjon.com\/wp-content\/uploads\/2024\/02\/Groupe-525.svg\" class=\"attachment-full size-full wp-image-220\" alt=\"\" title=\"\">\t\t\t\t\t\t\t\t\t\t\t\t\t\t\t<\/div>\n\t\t\t\t<\/div>\n\t\t\t\t<div class=\"elementor-element elementor-element-9fa466a elementor-widget elementor-widget-heading\" data-id=\"9fa466a\" data-element_type=\"widget\" data-e-type=\"widget\" data-widget_type=\"heading.default\">\n\t\t\t\t<div class=\"elementor-widget-container\">\n\t\t\t\t\t<h2 class=\"elementor-heading-title elementor-size-default\">Mapa de visitantes<\/h2>\t\t\t\t<\/div>\n\t\t\t\t<\/div>\n\t\t\t\t<\/div>\n\t\t<div class=\"elementor-element elementor-element-65b6c2b e-con-full e-flex e-con e-child\" data-id=\"65b6c2b\" data-element_type=\"container\" data-e-type=\"container\">\n\t\t\t\t<div class=\"elementor-element elementor-element-bfd1e4f elementor-widget elementor-widget-google_maps\" data-id=\"bfd1e4f\" data-element_type=\"widget\" data-e-type=\"widget\" data-widget_type=\"google_maps.default\">\n\t\t\t\t<div class=\"elementor-widget-container\">\n\t\t\t\t\t\t\t<div class=\"elementor-custom-embed\">\n\t\t\t<iframe loading=\"lazy\"\n\t\t\t\t\tsrc=\"https:\/\/maps.google.com\/maps?q=Carcassonne%20Cit%C3%A9%20M%C3%A9di%C3%A9vale&#038;t=m&#038;z=13&#038;output=embed&#038;iwloc=near\"\n\t\t\t\t\ttitle=\"Ciudad medieval de Carcasona\"\n\t\t\t\t\taria-label=\"Ciudad medieval de Carcasona\"\n\t\t\t><\/iframe>\n\t\t<\/div>\n\t\t\t\t\t\t<\/div>\n\t\t\t\t<\/div>\n\t\t\t\t<\/div>\n\t\t\t\t\t<\/div>\n\t\t\t\t<\/div>\n\t\t\t\t<\/div>","protected":false},"excerpt":{"rendered":"<p>Visites Les diff\u00e9rentes visites dans la cit\u00e9 m\u00e9di\u00e9vale La Cit\u00e9 de Carcassonne l\u00e0 o\u00f9 l\u2019histoire r\u00e9sonne ! En savoir plus Faire des visites autour de Carcassonne, c\u2019est d\u2019abord faire un voyage dans le pass\u00e9, un retour jusqu\u2019\u00e0 2500 ans en arri\u00e8re. Nich\u00e9e au sommet d\u2019une colline, la Cit\u00e9 m\u00e9di\u00e9vale domine toute la ville et s\u2019\u00e9rige [&hellip;]<\/p>\n","protected":false},"author":12,"featured_media":802,"parent":85,"menu_order":0,"comment_status":"closed","ping_status":"closed","template":"","meta":{"inline_featured_image":false,"footnotes":""},"class_list":["post-87","page","type-page","status-publish","has-post-thumbnail","hentry"],"_links":{"self":[{"href":"https:\/\/www.hotel-ledonjon.com\/es\/wp-json\/wp\/v2\/pages\/87","targetHints":{"allow":["GET"]}}],"collection":[{"href":"https:\/\/www.hotel-ledonjon.com\/es\/wp-json\/wp\/v2\/pages"}],"about":[{"href":"https:\/\/www.hotel-ledonjon.com\/es\/wp-json\/wp\/v2\/types\/page"}],"author":[{"embeddable":true,"href":"https:\/\/www.hotel-ledonjon.com\/es\/wp-json\/wp\/v2\/users\/12"}],"replies":[{"embeddable":true,"href":"https:\/\/www.hotel-ledonjon.com\/es\/wp-json\/wp\/v2\/comments?post=87"}],"version-history":[{"count":26,"href":"https:\/\/www.hotel-ledonjon.com\/es\/wp-json\/wp\/v2\/pages\/87\/revisions"}],"predecessor-version":[{"id":2315,"href":"https:\/\/www.hotel-ledonjon.com\/es\/wp-json\/wp\/v2\/pages\/87\/revisions\/2315"}],"up":[{"embeddable":true,"href":"https:\/\/www.hotel-ledonjon.com\/es\/wp-json\/wp\/v2\/pages\/85"}],"wp:featuredmedia":[{"embeddable":true,"href":"https:\/\/www.hotel-ledonjon.com\/es\/wp-json\/wp\/v2\/media\/802"}],"wp:attachment":[{"href":"https:\/\/www.hotel-ledonjon.com\/es\/wp-json\/wp\/v2\/media?parent=87"}],"curies":[{"name":"wp","href":"https:\/\/api.w.org\/{rel}","templated":true}]}}